{"id":124,"date":"2021-10-26T16:33:32","date_gmt":"2021-10-26T16:33:32","guid":{"rendered":"http:\/\/mgmyanmar.com.mm\/?page_id=124"},"modified":"2024-10-20T07:36:47","modified_gmt":"2024-10-20T07:36:47","slug":"home","status":"publish","type":"page","link":"https:\/\/mgmyanmar.com.mm\/mm\/home\/","title":{"rendered":"Home"},"content":{"rendered":"","protected":false},"excerpt":{"rendered":"","protected":false},"author":1,"featured_media":0,"parent":0,"menu_order":0,"comment_status":"closed","ping_status":"closed","template":"","meta":{"_acf_changed":false,"advgb_blocks_editor_width":"","advgb_blocks_columns_visual_guide":"","footnotes":""},"class_list":["post-124","page","type-page","status-publish","hentry"],"acf":{"photo_gallery":{"banner_image":[[{"id":2244,"title":"[:mm]Myanmar New Year Design[:]","caption":"","full_image_url":"https:\/\/mgmyanmar.com.mm\/wp-content\/uploads\/2024\/04\/Myanmar-New-Year-Design-1.jpg","thumbnail_image_url":"https:\/\/mgmyanmar.com.mm\/wp-content\/uploads\/2024\/04\/Myanmar-New-Year-Design-1.jpg","large_srcset":false,"medium_srcset":false,"media_details":{"width":1600,"height":900,"sizes":[]},"alt_text":"","url":"","target":""},{"id":584,"title":"[:en]HNY[:]","caption":"","full_image_url":"https:\/\/mgmyanmar.com.mm\/wp-content\/uploads\/2024\/03\/HNY.jpg","thumbnail_image_url":"https:\/\/mgmyanmar.com.mm\/wp-content\/uploads\/2024\/03\/HNY-150x150.jpg","large_srcset":"https:\/\/mgmyanmar.com.mm\/wp-content\/uploads\/2024\/03\/HNY-1024x576.jpg 1024w, https:\/\/mgmyanmar.com.mm\/wp-content\/uploads\/2024\/03\/HNY-300x169.jpg 300w, https:\/\/mgmyanmar.com.mm\/wp-content\/uploads\/2024\/03\/HNY-768x432.jpg 768w, https:\/\/mgmyanmar.com.mm\/wp-content\/uploads\/2024\/03\/HNY-1536x864.jpg 1536w, https:\/\/mgmyanmar.com.mm\/wp-content\/uploads\/2024\/03\/HNY.jpg 1920w","medium_srcset":"https:\/\/mgmyanmar.com.mm\/wp-content\/uploads\/2024\/03\/HNY-300x169.jpg 300w, https:\/\/mgmyanmar.com.mm\/wp-content\/uploads\/2024\/03\/HNY-1024x576.jpg 1024w, https:\/\/mgmyanmar.com.mm\/wp-content\/uploads\/2024\/03\/HNY-768x432.jpg 768w, https:\/\/mgmyanmar.com.mm\/wp-content\/uploads\/2024\/03\/HNY-1536x864.jpg 1536w, https:\/\/mgmyanmar.com.mm\/wp-content\/uploads\/2024\/03\/HNY.jpg 1920w","media_details":{"width":1920,"height":1080,"sizes":{"medium":{"file":"HNY-300x169.jpg","width":300,"height":169,"mime-type":"image\/jpeg","filesize":11735,"source_url":"https:\/\/mgmyanmar.com.mm\/wp-content\/uploads\/2024\/03\/HNY-300x169.jpg"},"large":{"file":"HNY-1024x576.jpg","width":1024,"height":576,"mime-type":"image\/jpeg","filesize":79185,"source_url":"https:\/\/mgmyanmar.com.mm\/wp-content\/uploads\/2024\/03\/HNY-1024x576.jpg"},"thumbnail":{"file":"HNY-150x150.jpg","width":150,"height":150,"mime-type":"image\/jpeg","filesize":5850,"source_url":"https:\/\/mgmyanmar.com.mm\/wp-content\/uploads\/2024\/03\/HNY-150x150.jpg"},"medium_large":{"file":"HNY-768x432.jpg","width":768,"height":432,"mime-type":"image\/jpeg","filesize":49172,"source_url":"https:\/\/mgmyanmar.com.mm\/wp-content\/uploads\/2024\/03\/HNY-768x432.jpg"},"1536x1536":{"file":"HNY-1536x864.jpg","width":1536,"height":864,"mime-type":"image\/jpeg","filesize":155567,"source_url":"https:\/\/mgmyanmar.com.mm\/wp-content\/uploads\/2024\/03\/HNY-1536x864.jpg"}}},"alt_text":"","url":"","target":""},{"id":585,"title":"[:en]EmpowerYourDrive[:]","caption":"","full_image_url":"https:\/\/mgmyanmar.com.mm\/wp-content\/uploads\/2024\/03\/EmpowerYourDrive.jpg","thumbnail_image_url":"https:\/\/mgmyanmar.com.mm\/wp-content\/uploads\/2024\/03\/EmpowerYourDrive-150x150.jpg","large_srcset":"https:\/\/mgmyanmar.com.mm\/wp-content\/uploads\/2024\/03\/EmpowerYourDrive-1024x576.jpg 1024w, https:\/\/mgmyanmar.com.mm\/wp-content\/uploads\/2024\/03\/EmpowerYourDrive-300x169.jpg 300w, https:\/\/mgmyanmar.com.mm\/wp-content\/uploads\/2024\/03\/EmpowerYourDrive-768x432.jpg 768w, https:\/\/mgmyanmar.com.mm\/wp-content\/uploads\/2024\/03\/EmpowerYourDrive-1536x864.jpg 1536w, https:\/\/mgmyanmar.com.mm\/wp-content\/uploads\/2024\/03\/EmpowerYourDrive.jpg 1920w","medium_srcset":"https:\/\/mgmyanmar.com.mm\/wp-content\/uploads\/2024\/03\/EmpowerYourDrive-300x169.jpg 300w, https:\/\/mgmyanmar.com.mm\/wp-content\/uploads\/2024\/03\/EmpowerYourDrive-1024x576.jpg 1024w, https:\/\/mgmyanmar.com.mm\/wp-content\/uploads\/2024\/03\/EmpowerYourDrive-768x432.jpg 768w, https:\/\/mgmyanmar.com.mm\/wp-content\/uploads\/2024\/03\/EmpowerYourDrive-1536x864.jpg 1536w, https:\/\/mgmyanmar.com.mm\/wp-content\/uploads\/2024\/03\/EmpowerYourDrive.jpg 1920w","media_details":{"width":1920,"height":1080,"sizes":{"medium":{"file":"EmpowerYourDrive-300x169.jpg","width":300,"height":169,"mime-type":"image\/jpeg","filesize":11424,"source_url":"https:\/\/mgmyanmar.com.mm\/wp-content\/uploads\/2024\/03\/EmpowerYourDrive-300x169.jpg"},"large":{"file":"EmpowerYourDrive-1024x576.jpg","width":1024,"height":576,"mime-type":"image\/jpeg","filesize":87810,"source_url":"https:\/\/mgmyanmar.com.mm\/wp-content\/uploads\/2024\/03\/EmpowerYourDrive-1024x576.jpg"},"thumbnail":{"file":"EmpowerYourDrive-150x150.jpg","width":150,"height":150,"mime-type":"image\/jpeg","filesize":7195,"source_url":"https:\/\/mgmyanmar.com.mm\/wp-content\/uploads\/2024\/03\/EmpowerYourDrive-150x150.jpg"},"medium_large":{"file":"EmpowerYourDrive-768x432.jpg","width":768,"height":432,"mime-type":"image\/jpeg","filesize":54629,"source_url":"https:\/\/mgmyanmar.com.mm\/wp-content\/uploads\/2024\/03\/EmpowerYourDrive-768x432.jpg"},"1536x1536":{"file":"EmpowerYourDrive-1536x864.jpg","width":1536,"height":864,"mime-type":"image\/jpeg","filesize":169311,"source_url":"https:\/\/mgmyanmar.com.mm\/wp-content\/uploads\/2024\/03\/EmpowerYourDrive-1536x864.jpg"}}},"alt_text":"","url":"","target":""},{"id":583,"title":"[:en]MeetYourMatch[:]","caption":"","full_image_url":"https:\/\/mgmyanmar.com.mm\/wp-content\/uploads\/2024\/03\/MeetYourMatch.jpg","thumbnail_image_url":"https:\/\/mgmyanmar.com.mm\/wp-content\/uploads\/2024\/03\/MeetYourMatch-150x150.jpg","large_srcset":"https:\/\/mgmyanmar.com.mm\/wp-content\/uploads\/2024\/03\/MeetYourMatch-1024x576.jpg 1024w, https:\/\/mgmyanmar.com.mm\/wp-content\/uploads\/2024\/03\/MeetYourMatch-300x169.jpg 300w, https:\/\/mgmyanmar.com.mm\/wp-content\/uploads\/2024\/03\/MeetYourMatch-768x432.jpg 768w, https:\/\/mgmyanmar.com.mm\/wp-content\/uploads\/2024\/03\/MeetYourMatch-1536x864.jpg 1536w, https:\/\/mgmyanmar.com.mm\/wp-content\/uploads\/2024\/03\/MeetYourMatch.jpg 1920w","medium_srcset":"https:\/\/mgmyanmar.com.mm\/wp-content\/uploads\/2024\/03\/MeetYourMatch-300x169.jpg 300w, https:\/\/mgmyanmar.com.mm\/wp-content\/uploads\/2024\/03\/MeetYourMatch-1024x576.jpg 1024w, https:\/\/mgmyanmar.com.mm\/wp-content\/uploads\/2024\/03\/MeetYourMatch-768x432.jpg 768w, https:\/\/mgmyanmar.com.mm\/wp-content\/uploads\/2024\/03\/MeetYourMatch-1536x864.jpg 1536w, https:\/\/mgmyanmar.com.mm\/wp-content\/uploads\/2024\/03\/MeetYourMatch.jpg 1920w","media_details":{"width":1920,"height":1080,"sizes":{"medium":{"file":"MeetYourMatch-300x169.jpg","width":300,"height":169,"mime-type":"image\/jpeg","filesize":13351,"source_url":"https:\/\/mgmyanmar.com.mm\/wp-content\/uploads\/2024\/03\/MeetYourMatch-300x169.jpg"},"large":{"file":"MeetYourMatch-1024x576.jpg","width":1024,"height":576,"mime-type":"image\/jpeg","filesize":89881,"source_url":"https:\/\/mgmyanmar.com.mm\/wp-content\/uploads\/2024\/03\/MeetYourMatch-1024x576.jpg"},"thumbnail":{"file":"MeetYourMatch-150x150.jpg","width":150,"height":150,"mime-type":"image\/jpeg","filesize":7632,"source_url":"https:\/\/mgmyanmar.com.mm\/wp-content\/uploads\/2024\/03\/MeetYourMatch-150x150.jpg"},"medium_large":{"file":"MeetYourMatch-768x432.jpg","width":768,"height":432,"mime-type":"image\/jpeg","filesize":57528,"source_url":"https:\/\/mgmyanmar.com.mm\/wp-content\/uploads\/2024\/03\/MeetYourMatch-768x432.jpg"},"1536x1536":{"file":"MeetYourMatch-1536x864.jpg","width":1536,"height":864,"mime-type":"image\/jpeg","filesize":166561,"source_url":"https:\/\/mgmyanmar.com.mm\/wp-content\/uploads\/2024\/03\/MeetYourMatch-1536x864.jpg"}}},"alt_text":"","url":"","target":""},{"id":582,"title":"[:en]MG4MGZs-copy[:]","caption":"","full_image_url":"https:\/\/mgmyanmar.com.mm\/wp-content\/uploads\/2024\/03\/MG4MGZs-copy.jpg","thumbnail_image_url":"https:\/\/mgmyanmar.com.mm\/wp-content\/uploads\/2024\/03\/MG4MGZs-copy-150x150.jpg","large_srcset":"https:\/\/mgmyanmar.com.mm\/wp-content\/uploads\/2024\/03\/MG4MGZs-copy-1024x576.jpg 1024w, https:\/\/mgmyanmar.com.mm\/wp-content\/uploads\/2024\/03\/MG4MGZs-copy-300x169.jpg 300w, https:\/\/mgmyanmar.com.mm\/wp-content\/uploads\/2024\/03\/MG4MGZs-copy-768x432.jpg 768w, https:\/\/mgmyanmar.com.mm\/wp-content\/uploads\/2024\/03\/MG4MGZs-copy-1536x864.jpg 1536w, https:\/\/mgmyanmar.com.mm\/wp-content\/uploads\/2024\/03\/MG4MGZs-copy.jpg 1920w","medium_srcset":"https:\/\/mgmyanmar.com.mm\/wp-content\/uploads\/2024\/03\/MG4MGZs-copy-300x169.jpg 300w, https:\/\/mgmyanmar.com.mm\/wp-content\/uploads\/2024\/03\/MG4MGZs-copy-1024x576.jpg 1024w, https:\/\/mgmyanmar.com.mm\/wp-content\/uploads\/2024\/03\/MG4MGZs-copy-768x432.jpg 768w, https:\/\/mgmyanmar.com.mm\/wp-content\/uploads\/2024\/03\/MG4MGZs-copy-1536x864.jpg 1536w, https:\/\/mgmyanmar.com.mm\/wp-content\/uploads\/2024\/03\/MG4MGZs-copy.jpg 1920w","media_details":{"width":1920,"height":1080,"sizes":{"medium":{"file":"MG4MGZs-copy-300x169.jpg","width":300,"height":169,"mime-type":"image\/jpeg","filesize":11446,"source_url":"https:\/\/mgmyanmar.com.mm\/wp-content\/uploads\/2024\/03\/MG4MGZs-copy-300x169.jpg"},"large":{"file":"MG4MGZs-copy-1024x576.jpg","width":1024,"height":576,"mime-type":"image\/jpeg","filesize":88537,"source_url":"https:\/\/mgmyanmar.com.mm\/wp-content\/uploads\/2024\/03\/MG4MGZs-copy-1024x576.jpg"},"thumbnail":{"file":"MG4MGZs-copy-150x150.jpg","width":150,"height":150,"mime-type":"image\/jpeg","filesize":6316,"source_url":"https:\/\/mgmyanmar.com.mm\/wp-content\/uploads\/2024\/03\/MG4MGZs-copy-150x150.jpg"},"medium_large":{"file":"MG4MGZs-copy-768x432.jpg","width":768,"height":432,"mime-type":"image\/jpeg","filesize":54554,"source_url":"https:\/\/mgmyanmar.com.mm\/wp-content\/uploads\/2024\/03\/MG4MGZs-copy-768x432.jpg"},"1536x1536":{"file":"MG4MGZs-copy-1536x864.jpg","width":1536,"height":864,"mime-type":"image\/jpeg","filesize":175900,"source_url":"https:\/\/mgmyanmar.com.mm\/wp-content\/uploads\/2024\/03\/MG4MGZs-copy-1536x864.jpg"}}},"alt_text":"","url":"","target":""}]],"banner_mobile_image":[[{"id":2244,"title":"[:mm]Myanmar New Year Design[:]","caption":"","full_image_url":"https:\/\/mgmyanmar.com.mm\/wp-content\/uploads\/2024\/04\/Myanmar-New-Year-Design-1.jpg","thumbnail_image_url":"https:\/\/mgmyanmar.com.mm\/wp-content\/uploads\/2024\/04\/Myanmar-New-Year-Design-1.jpg","large_srcset":false,"medium_srcset":false,"media_details":{"width":1600,"height":900,"sizes":[]},"alt_text":"","url":"","target":""},{"id":584,"title":"[:en]HNY[:]","caption":"","full_image_url":"https:\/\/mgmyanmar.com.mm\/wp-content\/uploads\/2024\/03\/HNY.jpg","thumbnail_image_url":"https:\/\/mgmyanmar.com.mm\/wp-content\/uploads\/2024\/03\/HNY-150x150.jpg","large_srcset":"https:\/\/mgmyanmar.com.mm\/wp-content\/uploads\/2024\/03\/HNY-1024x576.jpg 1024w, https:\/\/mgmyanmar.com.mm\/wp-content\/uploads\/2024\/03\/HNY-300x169.jpg 300w, https:\/\/mgmyanmar.com.mm\/wp-content\/uploads\/2024\/03\/HNY-768x432.jpg 768w, https:\/\/mgmyanmar.com.mm\/wp-content\/uploads\/2024\/03\/HNY-1536x864.jpg 1536w, https:\/\/mgmyanmar.com.mm\/wp-content\/uploads\/2024\/03\/HNY.jpg 1920w","medium_srcset":"https:\/\/mgmyanmar.com.mm\/wp-content\/uploads\/2024\/03\/HNY-300x169.jpg 300w, https:\/\/mgmyanmar.com.mm\/wp-content\/uploads\/2024\/03\/HNY-1024x576.jpg 1024w, https:\/\/mgmyanmar.com.mm\/wp-content\/uploads\/2024\/03\/HNY-768x432.jpg 768w, https:\/\/mgmyanmar.com.mm\/wp-content\/uploads\/2024\/03\/HNY-1536x864.jpg 1536w, https:\/\/mgmyanmar.com.mm\/wp-content\/uploads\/2024\/03\/HNY.jpg 1920w","media_details":{"width":1920,"height":1080,"sizes":{"medium":{"file":"HNY-300x169.jpg","width":300,"height":169,"mime-type":"image\/jpeg","filesize":11735,"source_url":"https:\/\/mgmyanmar.com.mm\/wp-content\/uploads\/2024\/03\/HNY-300x169.jpg"},"large":{"file":"HNY-1024x576.jpg","width":1024,"height":576,"mime-type":"image\/jpeg","filesize":79185,"source_url":"https:\/\/mgmyanmar.com.mm\/wp-content\/uploads\/2024\/03\/HNY-1024x576.jpg"},"thumbnail":{"file":"HNY-150x150.jpg","width":150,"height":150,"mime-type":"image\/jpeg","filesize":5850,"source_url":"https:\/\/mgmyanmar.com.mm\/wp-content\/uploads\/2024\/03\/HNY-150x150.jpg"},"medium_large":{"file":"HNY-768x432.jpg","width":768,"height":432,"mime-type":"image\/jpeg","filesize":49172,"source_url":"https:\/\/mgmyanmar.com.mm\/wp-content\/uploads\/2024\/03\/HNY-768x432.jpg"},"1536x1536":{"file":"HNY-1536x864.jpg","width":1536,"height":864,"mime-type":"image\/jpeg","filesize":155567,"source_url":"https:\/\/mgmyanmar.com.mm\/wp-content\/uploads\/2024\/03\/HNY-1536x864.jpg"}}},"alt_text":"","url":"","target":""},{"id":585,"title":"[:en]EmpowerYourDrive[:]","caption":"","full_image_url":"https:\/\/mgmyanmar.com.mm\/wp-content\/uploads\/2024\/03\/EmpowerYourDrive.jpg","thumbnail_image_url":"https:\/\/mgmyanmar.com.mm\/wp-content\/uploads\/2024\/03\/EmpowerYourDrive-150x150.jpg","large_srcset":"https:\/\/mgmyanmar.com.mm\/wp-content\/uploads\/2024\/03\/EmpowerYourDrive-1024x576.jpg 1024w, https:\/\/mgmyanmar.com.mm\/wp-content\/uploads\/2024\/03\/EmpowerYourDrive-300x169.jpg 300w, https:\/\/mgmyanmar.com.mm\/wp-content\/uploads\/2024\/03\/EmpowerYourDrive-768x432.jpg 768w, https:\/\/mgmyanmar.com.mm\/wp-content\/uploads\/2024\/03\/EmpowerYourDrive-1536x864.jpg 1536w, https:\/\/mgmyanmar.com.mm\/wp-content\/uploads\/2024\/03\/EmpowerYourDrive.jpg 1920w","medium_srcset":"https:\/\/mgmyanmar.com.mm\/wp-content\/uploads\/2024\/03\/EmpowerYourDrive-300x169.jpg 300w, https:\/\/mgmyanmar.com.mm\/wp-content\/uploads\/2024\/03\/EmpowerYourDrive-1024x576.jpg 1024w, https:\/\/mgmyanmar.com.mm\/wp-content\/uploads\/2024\/03\/EmpowerYourDrive-768x432.jpg 768w, https:\/\/mgmyanmar.com.mm\/wp-content\/uploads\/2024\/03\/EmpowerYourDrive-1536x864.jpg 1536w, https:\/\/mgmyanmar.com.mm\/wp-content\/uploads\/2024\/03\/EmpowerYourDrive.jpg 1920w","media_details":{"width":1920,"height":1080,"sizes":{"medium":{"file":"EmpowerYourDrive-300x169.jpg","width":300,"height":169,"mime-type":"image\/jpeg","filesize":11424,"source_url":"https:\/\/mgmyanmar.com.mm\/wp-content\/uploads\/2024\/03\/EmpowerYourDrive-300x169.jpg"},"large":{"file":"EmpowerYourDrive-1024x576.jpg","width":1024,"height":576,"mime-type":"image\/jpeg","filesize":87810,"source_url":"https:\/\/mgmyanmar.com.mm\/wp-content\/uploads\/2024\/03\/EmpowerYourDrive-1024x576.jpg"},"thumbnail":{"file":"EmpowerYourDrive-150x150.jpg","width":150,"height":150,"mime-type":"image\/jpeg","filesize":7195,"source_url":"https:\/\/mgmyanmar.com.mm\/wp-content\/uploads\/2024\/03\/EmpowerYourDrive-150x150.jpg"},"medium_large":{"file":"EmpowerYourDrive-768x432.jpg","width":768,"height":432,"mime-type":"image\/jpeg","filesize":54629,"source_url":"https:\/\/mgmyanmar.com.mm\/wp-content\/uploads\/2024\/03\/EmpowerYourDrive-768x432.jpg"},"1536x1536":{"file":"EmpowerYourDrive-1536x864.jpg","width":1536,"height":864,"mime-type":"image\/jpeg","filesize":169311,"source_url":"https:\/\/mgmyanmar.com.mm\/wp-content\/uploads\/2024\/03\/EmpowerYourDrive-1536x864.jpg"}}},"alt_text":"","url":"","target":""},{"id":583,"title":"[:en]MeetYourMatch[:]","caption":"","full_image_url":"https:\/\/mgmyanmar.com.mm\/wp-content\/uploads\/2024\/03\/MeetYourMatch.jpg","thumbnail_image_url":"https:\/\/mgmyanmar.com.mm\/wp-content\/uploads\/2024\/03\/MeetYourMatch-150x150.jpg","large_srcset":"https:\/\/mgmyanmar.com.mm\/wp-content\/uploads\/2024\/03\/MeetYourMatch-1024x576.jpg 1024w, https:\/\/mgmyanmar.com.mm\/wp-content\/uploads\/2024\/03\/MeetYourMatch-300x169.jpg 300w, https:\/\/mgmyanmar.com.mm\/wp-content\/uploads\/2024\/03\/MeetYourMatch-768x432.jpg 768w, https:\/\/mgmyanmar.com.mm\/wp-content\/uploads\/2024\/03\/MeetYourMatch-1536x864.jpg 1536w, https:\/\/mgmyanmar.com.mm\/wp-content\/uploads\/2024\/03\/MeetYourMatch.jpg 1920w","medium_srcset":"https:\/\/mgmyanmar.com.mm\/wp-content\/uploads\/2024\/03\/MeetYourMatch-300x169.jpg 300w, https:\/\/mgmyanmar.com.mm\/wp-content\/uploads\/2024\/03\/MeetYourMatch-1024x576.jpg 1024w, https:\/\/mgmyanmar.com.mm\/wp-content\/uploads\/2024\/03\/MeetYourMatch-768x432.jpg 768w, https:\/\/mgmyanmar.com.mm\/wp-content\/uploads\/2024\/03\/MeetYourMatch-1536x864.jpg 1536w, https:\/\/mgmyanmar.com.mm\/wp-content\/uploads\/2024\/03\/MeetYourMatch.jpg 1920w","media_details":{"width":1920,"height":1080,"sizes":{"medium":{"file":"MeetYourMatch-300x169.jpg","width":300,"height":169,"mime-type":"image\/jpeg","filesize":13351,"source_url":"https:\/\/mgmyanmar.com.mm\/wp-content\/uploads\/2024\/03\/MeetYourMatch-300x169.jpg"},"large":{"file":"MeetYourMatch-1024x576.jpg","width":1024,"height":576,"mime-type":"image\/jpeg","filesize":89881,"source_url":"https:\/\/mgmyanmar.com.mm\/wp-content\/uploads\/2024\/03\/MeetYourMatch-1024x576.jpg"},"thumbnail":{"file":"MeetYourMatch-150x150.jpg","width":150,"height":150,"mime-type":"image\/jpeg","filesize":7632,"source_url":"https:\/\/mgmyanmar.com.mm\/wp-content\/uploads\/2024\/03\/MeetYourMatch-150x150.jpg"},"medium_large":{"file":"MeetYourMatch-768x432.jpg","width":768,"height":432,"mime-type":"image\/jpeg","filesize":57528,"source_url":"https:\/\/mgmyanmar.com.mm\/wp-content\/uploads\/2024\/03\/MeetYourMatch-768x432.jpg"},"1536x1536":{"file":"MeetYourMatch-1536x864.jpg","width":1536,"height":864,"mime-type":"image\/jpeg","filesize":166561,"source_url":"https:\/\/mgmyanmar.com.mm\/wp-content\/uploads\/2024\/03\/MeetYourMatch-1536x864.jpg"}}},"alt_text":"","url":"","target":""},{"id":582,"title":"[:en]MG4MGZs-copy[:]","caption":"","full_image_url":"https:\/\/mgmyanmar.com.mm\/wp-content\/uploads\/2024\/03\/MG4MGZs-copy.jpg","thumbnail_image_url":"https:\/\/mgmyanmar.com.mm\/wp-content\/uploads\/2024\/03\/MG4MGZs-copy-150x150.jpg","large_srcset":"https:\/\/mgmyanmar.com.mm\/wp-content\/uploads\/2024\/03\/MG4MGZs-copy-1024x576.jpg 1024w, https:\/\/mgmyanmar.com.mm\/wp-content\/uploads\/2024\/03\/MG4MGZs-copy-300x169.jpg 300w, https:\/\/mgmyanmar.com.mm\/wp-content\/uploads\/2024\/03\/MG4MGZs-copy-768x432.jpg 768w, https:\/\/mgmyanmar.com.mm\/wp-content\/uploads\/2024\/03\/MG4MGZs-copy-1536x864.jpg 1536w, https:\/\/mgmyanmar.com.mm\/wp-content\/uploads\/2024\/03\/MG4MGZs-copy.jpg 1920w","medium_srcset":"https:\/\/mgmyanmar.com.mm\/wp-content\/uploads\/2024\/03\/MG4MGZs-copy-300x169.jpg 300w, https:\/\/mgmyanmar.com.mm\/wp-content\/uploads\/2024\/03\/MG4MGZs-copy-1024x576.jpg 1024w, https:\/\/mgmyanmar.com.mm\/wp-content\/uploads\/2024\/03\/MG4MGZs-copy-768x432.jpg 768w, https:\/\/mgmyanmar.com.mm\/wp-content\/uploads\/2024\/03\/MG4MGZs-copy-1536x864.jpg 1536w, https:\/\/mgmyanmar.com.mm\/wp-content\/uploads\/2024\/03\/MG4MGZs-copy.jpg 1920w","media_details":{"width":1920,"height":1080,"sizes":{"medium":{"file":"MG4MGZs-copy-300x169.jpg","width":300,"height":169,"mime-type":"image\/jpeg","filesize":11446,"source_url":"https:\/\/mgmyanmar.com.mm\/wp-content\/uploads\/2024\/03\/MG4MGZs-copy-300x169.jpg"},"large":{"file":"MG4MGZs-copy-1024x576.jpg","width":1024,"height":576,"mime-type":"image\/jpeg","filesize":88537,"source_url":"https:\/\/mgmyanmar.com.mm\/wp-content\/uploads\/2024\/03\/MG4MGZs-copy-1024x576.jpg"},"thumbnail":{"file":"MG4MGZs-copy-150x150.jpg","width":150,"height":150,"mime-type":"image\/jpeg","filesize":6316,"source_url":"https:\/\/mgmyanmar.com.mm\/wp-content\/uploads\/2024\/03\/MG4MGZs-copy-150x150.jpg"},"medium_large":{"file":"MG4MGZs-copy-768x432.jpg","width":768,"height":432,"mime-type":"image\/jpeg","filesize":54554,"source_url":"https:\/\/mgmyanmar.com.mm\/wp-content\/uploads\/2024\/03\/MG4MGZs-copy-768x432.jpg"},"1536x1536":{"file":"MG4MGZs-copy-1536x864.jpg","width":1536,"height":864,"mime-type":"image\/jpeg","filesize":175900,"source_url":"https:\/\/mgmyanmar.com.mm\/wp-content\/uploads\/2024\/03\/MG4MGZs-copy-1536x864.jpg"}}},"alt_text":"","url":"","target":""}],[{"id":2245,"title":"[:mm]Myanmar New Year Design (Mobile View) 1100 x 560[:]","caption":"","full_image_url":"https:\/\/mgmyanmar.com.mm\/wp-content\/uploads\/2024\/04\/Myanmar-New-Year-Design-Mobile-View-1100-x-560.jpg","thumbnail_image_url":"https:\/\/mgmyanmar.com.mm\/wp-content\/uploads\/2024\/04\/Myanmar-New-Year-Design-Mobile-View-1100-x-560.jpg","large_srcset":false,"medium_srcset":false,"media_details":{"width":1100,"height":560,"sizes":[]},"alt_text":"","url":"","target":""},{"id":1931,"title":"[:en]EmpowerYourDrive-1024x576[:]","caption":"","full_image_url":"https:\/\/mgmyanmar.com.mm\/wp-content\/uploads\/2024\/03\/EmpowerYourDrive-1024x576-1.jpg","thumbnail_image_url":"https:\/\/mgmyanmar.com.mm\/wp-content\/uploads\/2024\/03\/EmpowerYourDrive-1024x576-1.jpg","large_srcset":false,"medium_srcset":false,"media_details":{"width":1024,"height":576,"sizes":[]},"alt_text":"","url":"","target":""},{"id":1930,"title":"[:en]HNY-1024x576[:]","caption":"","full_image_url":"https:\/\/mgmyanmar.com.mm\/wp-content\/uploads\/2024\/03\/HNY-1024x576-1.jpg","thumbnail_image_url":"https:\/\/mgmyanmar.com.mm\/wp-content\/uploads\/2024\/03\/HNY-1024x576-1.jpg","large_srcset":false,"medium_srcset":false,"media_details":{"width":1024,"height":576,"sizes":[]},"alt_text":"","url":"","target":""},{"id":1929,"title":"[:en]MeetYourMatch-1024x576[:]","caption":"","full_image_url":"https:\/\/mgmyanmar.com.mm\/wp-content\/uploads\/2024\/03\/MeetYourMatch-1024x576-1.jpg","thumbnail_image_url":"https:\/\/mgmyanmar.com.mm\/wp-content\/uploads\/2024\/03\/MeetYourMatch-1024x576-1.jpg","large_srcset":false,"medium_srcset":false,"media_details":{"width":1024,"height":576,"sizes":[]},"alt_text":"","url":"","target":""},{"id":1928,"title":"[:en]MG4MGZs-copy-1024x576[:]","caption":"","full_image_url":"https:\/\/mgmyanmar.com.mm\/wp-content\/uploads\/2024\/03\/MG4MGZs-copy-1024x576-1.jpg","thumbnail_image_url":"https:\/\/mgmyanmar.com.mm\/wp-content\/uploads\/2024\/03\/MG4MGZs-copy-1024x576-1.jpg","large_srcset":false,"medium_srcset":false,"media_details":{"width":1024,"height":576,"sizes":[]},"alt_text":"","url":"","target":""}]]}},"coauthors":[],"author_meta":{"author_link":"https:\/\/mgmyanmar.com.mm\/mm\/author\/innovix\/","display_name":"inv"},"relative_dates":{"created":"Posted 5 \u00e9v ago","modified":"Updated 2 \u00e9v ago"},"absolute_dates":{"created":"Posted on okt\u00f3ber 26, 2021","modified":"Updated on okt\u00f3ber 20, 2024"},"absolute_dates_time":{"created":"Posted on okt\u00f3ber 26, 2021 4:33 du.","modified":"Updated on okt\u00f3ber 20, 2024 7:36 de."},"featured_img_caption":"","featured_img":false,"series_order":"","_links":{"self":[{"href":"https:\/\/mgmyanmar.com.mm\/mm\/wp-json\/wp\/v2\/pages\/124","targetHints":{"allow":["GET"]}}],"collection":[{"href":"https:\/\/mgmyanmar.com.mm\/mm\/wp-json\/wp\/v2\/pages"}],"about":[{"href":"https:\/\/mgmyanmar.com.mm\/mm\/wp-json\/wp\/v2\/types\/page"}],"author":[{"embeddable":true,"href":"https:\/\/mgmyanmar.com.mm\/mm\/wp-json\/wp\/v2\/users\/1"}],"replies":[{"embeddable":true,"href":"https:\/\/mgmyanmar.com.mm\/mm\/wp-json\/wp\/v2\/comments?post=124"}],"version-history":[{"count":55,"href":"https:\/\/mgmyanmar.com.mm\/mm\/wp-json\/wp\/v2\/pages\/124\/revisions"}],"predecessor-version":[{"id":2286,"href":"https:\/\/mgmyanmar.com.mm\/mm\/wp-json\/wp\/v2\/pages\/124\/revisions\/2286"}],"wp:attachment":[{"href":"https:\/\/mgmyanmar.com.mm\/mm\/wp-json\/wp\/v2\/media?parent=124"}],"curies":[{"name":"wp","href":"https:\/\/api.w.org\/{rel}","templated":true}]}}