{"id":149,"date":"2021-10-26T16:47:23","date_gmt":"2021-10-26T16:47:23","guid":{"rendered":"http:\/\/mgmyanmar.com.mm\/?page_id=149"},"modified":"2024-03-29T10:46:59","modified_gmt":"2024-03-29T10:46:59","slug":"test-drive","status":"publish","type":"page","link":"https:\/\/mgmyanmar.com.mm\/mm\/test-drive\/","title":{"rendered":"Test Drive"},"content":{"rendered":"","protected":false},"excerpt":{"rendered":"","protected":false},"author":1,"featured_media":0,"parent":0,"menu_order":0,"comment_status":"closed","ping_status":"closed","template":"","meta":{"_acf_changed":false,"advgb_blocks_editor_width":"","advgb_blocks_columns_visual_guide":"","footnotes":""},"class_list":["post-149","page","type-page","status-publish","hentry"],"acf":[],"coauthors":[],"author_meta":{"author_link":"https:\/\/mgmyanmar.com.mm\/mm\/author\/innovix\/","display_name":"inv"},"relative_dates":{"created":"Posted 4 \u00e9v ago","modified":"Updated 2 \u00e9v ago"},"absolute_dates":{"created":"Posted on okt\u00f3ber 26, 2021","modified":"Updated on m\u00e1rcius 29, 2024"},"absolute_dates_time":{"created":"Posted on okt\u00f3ber 26, 2021 4:47 du.","modified":"Updated on m\u00e1rcius 29, 2024 10:46 de."},"featured_img_caption":"","featured_img":false,"series_order":"","_links":{"self":[{"href":"https:\/\/mgmyanmar.com.mm\/mm\/wp-json\/wp\/v2\/pages\/149","targetHints":{"allow":["GET"]}}],"collection":[{"href":"https:\/\/mgmyanmar.com.mm\/mm\/wp-json\/wp\/v2\/pages"}],"about":[{"href":"https:\/\/mgmyanmar.com.mm\/mm\/wp-json\/wp\/v2\/types\/page"}],"author":[{"embeddable":true,"href":"https:\/\/mgmyanmar.com.mm\/mm\/wp-json\/wp\/v2\/users\/1"}],"replies":[{"embeddable":true,"href":"https:\/\/mgmyanmar.com.mm\/mm\/wp-json\/wp\/v2\/comments?post=149"}],"version-history":[{"count":7,"href":"https:\/\/mgmyanmar.com.mm\/mm\/wp-json\/wp\/v2\/pages\/149\/revisions"}],"predecessor-version":[{"id":2207,"href":"https:\/\/mgmyanmar.com.mm\/mm\/wp-json\/wp\/v2\/pages\/149\/revisions\/2207"}],"wp:attachment":[{"href":"https:\/\/mgmyanmar.com.mm\/mm\/wp-json\/wp\/v2\/media?parent=149"}],"curies":[{"name":"wp","href":"https:\/\/api.w.org\/{rel}","templated":true}]}}