{"id":178,"date":"2021-10-26T17:03:25","date_gmt":"2021-10-26T17:03:25","guid":{"rendered":"http:\/\/mgmyanmar.com.mm\/?page_id=178"},"modified":"2024-03-16T16:21:39","modified_gmt":"2024-03-16T16:21:39","slug":"warranty-policy","status":"publish","type":"page","link":"https:\/\/mgmyanmar.com.mm\/mm\/warranty-policy\/","title":{"rendered":"Warranty Policy"},"content":{"rendered":"","protected":false},"excerpt":{"rendered":"","protected":false},"author":1,"featured_media":0,"parent":0,"menu_order":0,"comment_status":"closed","ping_status":"closed","template":"","meta":{"_acf_changed":false,"advgb_blocks_editor_width":"","advgb_blocks_columns_visual_guide":"","footnotes":""},"class_list":["post-178","page","type-page","status-publish","hentry"],"acf":[],"coauthors":[],"author_meta":{"author_link":"https:\/\/mgmyanmar.com.mm\/mm\/author\/innovix\/","display_name":"inv"},"relative_dates":{"created":"Posted 4 \u00e9v ago","modified":"Updated 2 \u00e9v ago"},"absolute_dates":{"created":"Posted on okt\u00f3ber 26, 2021","modified":"Updated on m\u00e1rcius 16, 2024"},"absolute_dates_time":{"created":"Posted on okt\u00f3ber 26, 2021 5:03 du.","modified":"Updated on m\u00e1rcius 16, 2024 4:21 du."},"featured_img_caption":"","featured_img":false,"series_order":"","_links":{"self":[{"href":"https:\/\/mgmyanmar.com.mm\/mm\/wp-json\/wp\/v2\/pages\/178","targetHints":{"allow":["GET"]}}],"collection":[{"href":"https:\/\/mgmyanmar.com.mm\/mm\/wp-json\/wp\/v2\/pages"}],"about":[{"href":"https:\/\/mgmyanmar.com.mm\/mm\/wp-json\/wp\/v2\/types\/page"}],"author":[{"embeddable":true,"href":"https:\/\/mgmyanmar.com.mm\/mm\/wp-json\/wp\/v2\/users\/1"}],"replies":[{"embeddable":true,"href":"https:\/\/mgmyanmar.com.mm\/mm\/wp-json\/wp\/v2\/comments?post=178"}],"version-history":[{"count":6,"href":"https:\/\/mgmyanmar.com.mm\/mm\/wp-json\/wp\/v2\/pages\/178\/revisions"}],"predecessor-version":[{"id":862,"href":"https:\/\/mgmyanmar.com.mm\/mm\/wp-json\/wp\/v2\/pages\/178\/revisions\/862"}],"wp:attachment":[{"href":"https:\/\/mgmyanmar.com.mm\/mm\/wp-json\/wp\/v2\/media?parent=178"}],"curies":[{"name":"wp","href":"https:\/\/api.w.org\/{rel}","templated":true}]}}