{"id":186,"date":"2021-10-26T17:06:25","date_gmt":"2021-10-26T17:06:25","guid":{"rendered":"http:\/\/mgmyanmar.com.mm\/?page_id=186"},"modified":"2025-02-22T20:53:20","modified_gmt":"2025-02-22T20:53:20","slug":"news-and-activities","status":"publish","type":"page","link":"https:\/\/mgmyanmar.com.mm\/mm\/news-and-activities\/","title":{"rendered":"News And Activities"},"content":{"rendered":"","protected":false},"excerpt":{"rendered":"","protected":false},"author":1,"featured_media":0,"parent":0,"menu_order":0,"comment_status":"closed","ping_status":"closed","template":"","meta":{"_acf_changed":false,"advgb_blocks_editor_width":"","advgb_blocks_columns_visual_guide":"","footnotes":""},"class_list":["post-186","page","type-page","status-publish","hentry"],"acf":{"photo_gallery":{"banner_image":[[{"id":2323,"title":"[:en]dec-promotion-web[:]","caption":"","full_image_url":"https:\/\/mgmyanmar.com.mm\/wp-content\/uploads\/2025\/02\/dec-promotion-web.png","thumbnail_image_url":"https:\/\/mgmyanmar.com.mm\/wp-content\/uploads\/2025\/02\/dec-promotion-web.png","large_srcset":false,"medium_srcset":false,"media_details":{"width":1920,"height":1080,"sizes":[]},"alt_text":"","url":"","target":""},{"id":2324,"title":"[:en]Live Talk Show Banner[:]","caption":"","full_image_url":"https:\/\/mgmyanmar.com.mm\/wp-content\/uploads\/2025\/02\/Live-Talk-Show-Banner.png","thumbnail_image_url":"https:\/\/mgmyanmar.com.mm\/wp-content\/uploads\/2025\/02\/Live-Talk-Show-Banner.png","large_srcset":false,"medium_srcset":false,"media_details":{"width":1920,"height":1080,"sizes":[]},"alt_text":"","url":"","target":""},{"id":2321,"title":"[:en]bagan-trip-Banner[:]","caption":"","full_image_url":"https:\/\/mgmyanmar.com.mm\/wp-content\/uploads\/2025\/02\/bagan-trip-Banner.jpg","thumbnail_image_url":"https:\/\/mgmyanmar.com.mm\/wp-content\/uploads\/2025\/02\/bagan-trip-Banner.jpg","large_srcset":false,"medium_srcset":false,"media_details":{"width":1920,"height":1080,"sizes":[]},"alt_text":"","url":"","target":""},{"id":2320,"title":"[:en]Rate Us & Get present Banner[:]","caption":"","full_image_url":"https:\/\/mgmyanmar.com.mm\/wp-content\/uploads\/2025\/02\/Rate-Us-Get-present-Banner-2.jpg","thumbnail_image_url":"https:\/\/mgmyanmar.com.mm\/wp-content\/uploads\/2025\/02\/Rate-Us-Get-present-Banner-2.jpg","large_srcset":false,"medium_srcset":false,"media_details":{"width":1920,"height":1080,"sizes":[]},"alt_text":"","url":"","target":""},{"id":2325,"title":"[:en]11-Sale-Promotion Banner[:]","caption":"","full_image_url":"https:\/\/mgmyanmar.com.mm\/wp-content\/uploads\/2025\/02\/11-Sale-Promotion-Banner-2.png","thumbnail_image_url":"https:\/\/mgmyanmar.com.mm\/wp-content\/uploads\/2025\/02\/11-Sale-Promotion-Banner-2.png","large_srcset":false,"medium_srcset":false,"media_details":{"width":1920,"height":1080,"sizes":[]},"alt_text":"","url":"","target":""},{"id":2282,"title":"[:en]banner[:]","caption":"","full_image_url":"https:\/\/mgmyanmar.com.mm\/wp-content\/uploads\/2024\/10\/banner-1.png","thumbnail_image_url":"https:\/\/mgmyanmar.com.mm\/wp-content\/uploads\/2024\/10\/banner-1.png","large_srcset":false,"medium_srcset":false,"media_details":{"width":1920,"height":1080,"sizes":[]},"alt_text":"","url":"","target":""},{"id":2256,"title":"[:mm]Banner[:]","caption":"","full_image_url":"https:\/\/mgmyanmar.com.mm\/wp-content\/uploads\/2024\/10\/Banner.jpg","thumbnail_image_url":"https:\/\/mgmyanmar.com.mm\/wp-content\/uploads\/2024\/10\/Banner.jpg","large_srcset":false,"medium_srcset":false,"media_details":{"width":1920,"height":1080,"sizes":[]},"alt_text":"MG Family TGIF Gathering Event","url":"","target":""}]],"banner_mobile_image":[[{"id":2323,"title":"[:en]dec-promotion-web[:]","caption":"","full_image_url":"https:\/\/mgmyanmar.com.mm\/wp-content\/uploads\/2025\/02\/dec-promotion-web.png","thumbnail_image_url":"https:\/\/mgmyanmar.com.mm\/wp-content\/uploads\/2025\/02\/dec-promotion-web.png","large_srcset":false,"medium_srcset":false,"media_details":{"width":1920,"height":1080,"sizes":[]},"alt_text":"","url":"","target":""},{"id":2324,"title":"[:en]Live Talk Show Banner[:]","caption":"","full_image_url":"https:\/\/mgmyanmar.com.mm\/wp-content\/uploads\/2025\/02\/Live-Talk-Show-Banner.png","thumbnail_image_url":"https:\/\/mgmyanmar.com.mm\/wp-content\/uploads\/2025\/02\/Live-Talk-Show-Banner.png","large_srcset":false,"medium_srcset":false,"media_details":{"width":1920,"height":1080,"sizes":[]},"alt_text":"","url":"","target":""},{"id":2321,"title":"[:en]bagan-trip-Banner[:]","caption":"","full_image_url":"https:\/\/mgmyanmar.com.mm\/wp-content\/uploads\/2025\/02\/bagan-trip-Banner.jpg","thumbnail_image_url":"https:\/\/mgmyanmar.com.mm\/wp-content\/uploads\/2025\/02\/bagan-trip-Banner.jpg","large_srcset":false,"medium_srcset":false,"media_details":{"width":1920,"height":1080,"sizes":[]},"alt_text":"","url":"","target":""},{"id":2320,"title":"[:en]Rate Us & Get present Banner[:]","caption":"","full_image_url":"https:\/\/mgmyanmar.com.mm\/wp-content\/uploads\/2025\/02\/Rate-Us-Get-present-Banner-2.jpg","thumbnail_image_url":"https:\/\/mgmyanmar.com.mm\/wp-content\/uploads\/2025\/02\/Rate-Us-Get-present-Banner-2.jpg","large_srcset":false,"medium_srcset":false,"media_details":{"width":1920,"height":1080,"sizes":[]},"alt_text":"","url":"","target":""},{"id":2325,"title":"[:en]11-Sale-Promotion Banner[:]","caption":"","full_image_url":"https:\/\/mgmyanmar.com.mm\/wp-content\/uploads\/2025\/02\/11-Sale-Promotion-Banner-2.png","thumbnail_image_url":"https:\/\/mgmyanmar.com.mm\/wp-content\/uploads\/2025\/02\/11-Sale-Promotion-Banner-2.png","large_srcset":false,"medium_srcset":false,"media_details":{"width":1920,"height":1080,"sizes":[]},"alt_text":"","url":"","target":""},{"id":2282,"title":"[:en]banner[:]","caption":"","full_image_url":"https:\/\/mgmyanmar.com.mm\/wp-content\/uploads\/2024\/10\/banner-1.png","thumbnail_image_url":"https:\/\/mgmyanmar.com.mm\/wp-content\/uploads\/2024\/10\/banner-1.png","large_srcset":false,"medium_srcset":false,"media_details":{"width":1920,"height":1080,"sizes":[]},"alt_text":"","url":"","target":""},{"id":2256,"title":"[:mm]Banner[:]","caption":"","full_image_url":"https:\/\/mgmyanmar.com.mm\/wp-content\/uploads\/2024\/10\/Banner.jpg","thumbnail_image_url":"https:\/\/mgmyanmar.com.mm\/wp-content\/uploads\/2024\/10\/Banner.jpg","large_srcset":false,"medium_srcset":false,"media_details":{"width":1920,"height":1080,"sizes":[]},"alt_text":"MG Family TGIF Gathering Event","url":"","target":""}],[{"id":2292,"title":"[:en]Free Inspection Check Before Thingyan-banner[:]","caption":"","full_image_url":"https:\/\/mgmyanmar.com.mm\/wp-content\/uploads\/2024\/11\/Free-Inspection-Check-Before-Thingyan-banner.png","thumbnail_image_url":"https:\/\/mgmyanmar.com.mm\/wp-content\/uploads\/2024\/11\/Free-Inspection-Check-Before-Thingyan-banner.png","large_srcset":false,"medium_srcset":false,"media_details":{"width":375,"height":250,"sizes":[]},"alt_text":"","url":"","target":""},{"id":2291,"title":"[:en]Untitled design - 12[:]","caption":"","full_image_url":"https:\/\/mgmyanmar.com.mm\/wp-content\/uploads\/2024\/11\/September-1-MG-Family-Gathering-Knowledge-Sharing-Event-Banner.jpg","thumbnail_image_url":"https:\/\/mgmyanmar.com.mm\/wp-content\/uploads\/2024\/11\/September-1-MG-Family-Gathering-Knowledge-Sharing-Event-Banner.jpg","large_srcset":false,"medium_srcset":false,"media_details":{"width":375,"height":250,"sizes":[]},"alt_text":"","url":"","target":""},{"id":2290,"title":"[:en]MG EV oversea training-banner[:]","caption":"","full_image_url":"https:\/\/mgmyanmar.com.mm\/wp-content\/uploads\/2024\/11\/MG-EV-oversea-training-banner.png","thumbnail_image_url":"https:\/\/mgmyanmar.com.mm\/wp-content\/uploads\/2024\/11\/MG-EV-oversea-training-banner.png","large_srcset":false,"medium_srcset":false,"media_details":{"width":375,"height":250,"sizes":[]},"alt_text":"","url":"","target":""}]]}},"coauthors":[],"author_meta":{"author_link":"https:\/\/mgmyanmar.com.mm\/mm\/author\/innovix\/","display_name":"inv"},"relative_dates":{"created":"Posted 4 \u00e9v ago","modified":"Updated 1 \u00e9v ago"},"absolute_dates":{"created":"Posted on okt\u00f3ber 26, 2021","modified":"Updated on febru\u00e1r 22, 2025"},"absolute_dates_time":{"created":"Posted on okt\u00f3ber 26, 2021 5:06 du.","modified":"Updated on febru\u00e1r 22, 2025 8:53 du."},"featured_img_caption":"","featured_img":false,"series_order":"","_links":{"self":[{"href":"https:\/\/mgmyanmar.com.mm\/mm\/wp-json\/wp\/v2\/pages\/186","targetHints":{"allow":["GET"]}}],"collection":[{"href":"https:\/\/mgmyanmar.com.mm\/mm\/wp-json\/wp\/v2\/pages"}],"about":[{"href":"https:\/\/mgmyanmar.com.mm\/mm\/wp-json\/wp\/v2\/types\/page"}],"author":[{"embeddable":true,"href":"https:\/\/mgmyanmar.com.mm\/mm\/wp-json\/wp\/v2\/users\/1"}],"replies":[{"embeddable":true,"href":"https:\/\/mgmyanmar.com.mm\/mm\/wp-json\/wp\/v2\/comments?post=186"}],"version-history":[{"count":3,"href":"https:\/\/mgmyanmar.com.mm\/mm\/wp-json\/wp\/v2\/pages\/186\/revisions"}],"predecessor-version":[{"id":2267,"href":"https:\/\/mgmyanmar.com.mm\/mm\/wp-json\/wp\/v2\/pages\/186\/revisions\/2267"}],"wp:attachment":[{"href":"https:\/\/mgmyanmar.com.mm\/mm\/wp-json\/wp\/v2\/media?parent=186"}],"curies":[{"name":"wp","href":"https:\/\/api.w.org\/{rel}","templated":true}]}}