{"id":29,"date":"2021-10-26T05:15:07","date_gmt":"2021-10-26T05:15:07","guid":{"rendered":"http:\/\/mgmyanmar.com.mm\/?page_id=29"},"modified":"2024-03-29T10:43:25","modified_gmt":"2024-03-29T10:43:25","slug":"about","status":"publish","type":"page","link":"https:\/\/mgmyanmar.com.mm\/mm\/about\/","title":{"rendered":"About"},"content":{"rendered":"<p>Morris Garages \u101e\u100a\u103a Cecil Kimber \u1019\u103e 1920 \u1001\u102f\u1014\u103e\u1005\u103a\u1019\u103b\u102c\u1038\u1021\u1010\u103d\u1004\u103a\u1038 \u1010\u100a\u103a\u1011\u1031\u102c\u1004\u103a\u1001\u1032\u1037\u101e\u1031\u102c British Car Brand \u1016\u103c\u1005\u103a\u101e\u100a\u103a\u104b M.G. \u1000\u102c\u1038\u1000\u102f\u1019\u1039\u1015\u100f\u102e\u101c\u102e\u1019\u102d\u1010\u1000\u103a\u101e\u100a\u103a British Sports \u1000\u102c\u1038\u1019\u103b\u102c\u1038\u1000\u102d\u102f \u1011\u102f\u1010\u103a\u101c\u102f\u1015\u103a\u1001\u1032\u1037\u1015\u103c\u102e\u1038 \u1015\u103c\u102d\u102f\u1004\u103a\u1000\u102c\u1038\u101c\u1031\u102c\u1000\u1010\u103d\u1004\u103a \u1011\u1004\u103a\u101b\u103e\u102c\u1038\u1000\u103b\u1031\u102c\u103a\u1000\u103c\u102c\u1038\u1001\u1032\u1037\u101e\u100a\u103a\u104b \u104e\u1004\u103a\u1038\u104f Open Two-seater \u1015\u103c\u102d\u102f\u1004\u103a\u1000\u102c\u1038\u1000\u102c\u1038\u1019\u103b\u102c\u1038\u1000\u103c\u1031\u102c\u1004\u1037\u103a \u101c\u1030\u101e\u102d\u1019\u103b\u102c\u1038\u101e\u100a\u103a\u104b<\/p>\n<p>MG \u101e\u1019\u102d\u102f\u1004\u103a\u1038 \u2013\u00a0<a href=\"https:\/\/mgmyanmar.com.mm\/mghistory\/\">https:\/\/mgmyanmar.com.mm\/mghistory\/<\/a><\/p>\n<h4 style=\"text-align: center;\">Market Expansion<\/h4>\n<p>\u1021\u1004\u103a\u1039\u1002\u101c\u1014\u103a\u1019\u103e\u1005\u1010\u1004\u103a\u104d MG \u104f\u1019\u1031\u102c\u103a\u1010\u1031\u102c\u103a\u1000\u102c\u1038\u1005\u103b\u1031\u1038\u1000\u103d\u1000\u103a\u1000\u102d\u102f \u1025\u101b\u1031\u102c\u1015\u1014\u102d\u102f\u1004\u103a\u1004\u1036\u1019\u103b\u102c\u1038\u1010\u103d\u1004\u103a\u101e\u102c\u1019\u1000 \u1021\u102c\u101b\u103e\u1014\u102d\u102f\u1004\u103a\u1004\u1036\u1019\u103b\u102c\u1038\u1021\u1011\u102d\u1015\u102b \u1010\u102d\u102f\u1038\u1001\u103b\u1032\u1037\u1001\u1032\u1037\u101e\u100a\u103a\u104b MG \u101e\u100a\u103a \u1000\u1019\u1039\u1018\u102c\u1037\u1021\u1006\u1004\u1037\u103a\u1019\u102e\u1006\u102f\u1010\u1036\u1006\u102d\u1015\u103a\u1019\u103b\u102c\u1038\u1005\u103d\u102c\u1014\u103e\u1004\u1037\u103a \u1005\u1036\u1001\u103b\u102d\u1014\u103a\u1001\u103b\u102d\u102f\u1038\u101e\u100a\u1037\u103a \u101e\u1019\u102d\u102f\u1004\u103a\u1038\u1019\u103b\u102c\u1038\u1014\u103e\u1004\u1037\u103a\u1021\u1010\u1030 \u1000\u103b\u1031\u102c\u103a\u1000\u103c\u102c\u1038\u101e\u1031\u102c British Car Brand \u1016\u103c\u1005\u103a\u101c\u102c\u1015\u102b\u101e\u100a\u103a\u104b \u1010\u102d\u102f\u1038\u1010\u1000\u103a\u1014\u1031\u101e\u1031\u102c \u1001\u1031\u1010\u103a\u1014\u103e\u1004\u1037\u103a\u1021\u100a\u102e MG \u101e\u100a\u103a \u1021\u1006\u1004\u1037\u103a\u1019\u103c\u1004\u1037\u103a\u1014\u100a\u103a\u1038\u1015\u100a\u102c\u1019\u103b\u102c\u1038\u1014\u103e\u1004\u1037\u103a \u1015\u102d\u102f\u1019\u102d\u102f\u1010\u102d\u102f\u1038\u1010\u1000\u103a\u1021\u1031\u102c\u1004\u103a\u1006\u1031\u102c\u1004\u103a\u101b\u103d\u1000\u103a\u101c\u103b\u1000\u103a\u101b\u103e\u102d\u1015\u103c\u102e\u1038 Customer \u1019\u103b\u102c\u1038\u1021\u1010\u103d\u1000\u103a \u1021\u1000\u1031\u102c\u1004\u103a\u1038\u1006\u102f\u1036\u1038\u1019\u103b\u102c\u1038\u1000\u102d\u102f\u101e\u102c \u1015\u1031\u1038\u1005\u103d\u1019\u103a\u1038\u101c\u103b\u1000\u103a\u101b\u103e\u102d\u101e\u100a\u103a\u104b<\/p>\n<h4 style=\"text-align: center;\">Entering into Myanmar Market<\/h4>\n<p>\u1000\u1019\u1039\u1018\u102c\u1000\u103b\u1031\u102c\u103a British Born Brand \u1016\u103c\u1005\u103a\u101e\u1031\u102c Morris Garages \u101e\u100a\u103a 2020 \u1001\u102f\u1014\u103e\u1005\u103a\u1019\u103e \u1005\u1010\u1004\u103a\u1000\u102c \u1019\u103c\u1014\u103a\u1019\u102c\u1014\u102d\u102f\u1004\u103a\u1004\u1036 \u1019\u1031\u102c\u103a\u1010\u1031\u102c\u103a\u1000\u102c\u1038\u1005\u103b\u1031\u1038\u1000\u103d\u1000\u103a\u101e\u102d\u102f\u1037 \u1021\u1031\u102c\u1004\u103a\u1019\u103c\u1004\u103a\u1005\u103d\u102c \u101d\u1004\u103a\u101b\u1031\u102c\u1000\u103a\u101c\u102c\u1001\u1032\u1037\u1015\u102b\u101e\u100a\u103a\u104b \u1000\u103b\u103d\u1014\u103a\u102f\u1015\u103a\u1010\u102d\u102f\u1037\u101e\u100a\u103a MG \u104f \u1010\u101b\u102c\u1038\u101d\u1004\u103a Flagship Showrooms \u1042 \u1001\u102f\u1000\u102d\u102f \u101b\u1014\u103a\u1000\u102f\u1014\u103a\u1014\u103e\u1004\u1037\u103a \u1019\u1014\u1039\u1010\u101c\u1031\u1038\u1010\u102d\u102f\u1037\u1010\u103d\u1004\u103a \u1021\u1031\u102c\u1004\u103a\u1019\u103c\u1004\u103a\u1005\u103d\u102c \u1016\u103d\u1004\u1037\u103a\u101c\u103e\u1005\u103a\u1014\u102d\u102f\u1004\u103a\u1001\u1032\u1037\u1015\u103c\u102e\u1038 \u1010\u101b\u102c\u1038\u101d\u1004\u103a \u1021\u101b\u1031\u102c\u1004\u103a\u1038\u1000\u102d\u102f\u101a\u103a\u1005\u102c\u1038\u101c\u103e\u101a\u103a\u1019\u103b\u102c\u1038\u101c\u100a\u103a\u1038 \u101b\u101b\u103e\u102d\u1014\u1031\u1015\u103c\u102e\u1016\u103c\u1005\u103a\u1015\u102b\u101e\u100a\u103a\u104b \u1000\u103b\u103d\u1014\u103a\u102f\u1015\u103a\u1010\u102d\u102f\u1037\u104f Customer \u1019\u103b\u102c\u1038\u1000\u102d\u102f \u1015\u1011\u1019\u1026\u1038\u1005\u102c\u1038\u1015\u1031\u1038\u1021\u1016\u103c\u1005\u103a \u1011\u102c\u1038\u101b\u103e\u102d\u1001\u103c\u1004\u103a\u1038\u101e\u100a\u103a MG \u104f Value \u1016\u103c\u1005\u103a\u101e\u1031\u102c\u1000\u103c\u1031\u102c\u1004\u1037\u103a \u1000\u103b\u103d\u1014\u103a\u102f\u1015\u103a\u1010\u102d\u102f\u1037\u104f MG Family \u1019\u103b\u102c\u1038\u1021\u1010\u103d\u1000\u103a \u1021\u1000\u1031\u102c\u1004\u103a\u1038\u1006\u102f\u1036\u1038\u101d\u1014\u103a\u1006\u1031\u102c\u1004\u103a\u1019\u103e\u102f\u1019\u103b\u102c\u1038\u1015\u1031\u1038\u1006\u1031\u102c\u1004\u103a\u101b\u1014\u103a Service Partners \u1019\u103b\u102c\u1038\u1014\u103e\u1004\u1037\u103a\u101c\u100a\u103a\u1038\u1001\u103b\u102d\u1010\u103a\u1006\u1000\u103a\u1011\u102c\u1038\u1015\u102b\u101e\u100a\u103a\u104b<\/p>\n<p>MG \u101e\u100a\u103a \u101c\u102c\u1019\u100a\u1037\u103a\u1021\u1014\u102c\u1002\u1010\u103a\u1019\u103b\u102c\u1038\u1010\u103d\u1004\u103a \u200c\u200c\u200b\u1008\u1031\u1038\u1000\u103d\u1000\u103a\u1015\u102d\u102f\u1019\u102d\u102f\u1001\u103b\u1032\u1037\u1011\u103d\u1004\u103a\u101b\u1014\u103a \u1005\u102e\u1005\u1009\u103a\u1011\u102c\u1038\u1015\u103c\u102e\u1038 Customer \u1019\u103b\u102c\u1038\u1021\u1010\u103d\u1000\u103a \u1021\u1000\u1031\u102c\u1004\u103a\u1038\u1006\u102f\u1036\u1038\u1000\u1019\u103a\u1038\u101c\u103e\u1019\u103a\u1038\u1019\u103e\u102f\u1019\u103b\u102c\u1038\u1000\u102d\u102f \u1015\u1031\u1038\u1006\u1031\u102c\u1004\u103a\u101b\u1014\u103a\u101c\u100a\u103a\u1038 \u1021\u1000\u1031\u102c\u1004\u103a\u1038\u1006\u102f\u1036\u1038\u1000\u103c\u102d\u102f\u1038\u1005\u102c\u1038\u1014\u1031\u1015\u102b\u101e\u100a\u103a\u104b<\/p>\n<p>MG Myanmar Official Facebook Page \u2013\u00a0<a href=\"https:\/\/www.facebook.com\/MGMyanmar.Official\">MG Myanmar \u2013 Home | Facebook<\/a><\/p>\n","protected":false},"excerpt":{"rendered":"<p>Morris Garages \u101e\u100a\u103a Cecil Kimber \u1019\u103e 1920 \u1001\u102f\u1014\u103e\u1005\u103a\u1019\u103b\u102c\u1038\u1021\u1010\u103d\u1004\u103a\u1038 \u1010\u100a\u103a\u1011\u1031\u102c\u1004\u103a\u1001\u1032\u1037\u101e\u1031\u102c British Car Brand \u1016\u103c\u1005\u103a\u101e\u100a\u103a\u104b M.G. \u1000\u102c\u1038\u1000\u102f\u1019\u1039\u1015\u100f\u102e\u101c\u102e\u1019\u102d\u1010\u1000\u103a\u101e\u100a\u103a British Sports \u1000\u102c\u1038\u1019\u103b\u102c\u1038\u1000\u102d\u102f \u1011\u102f\u1010\u103a\u101c\u102f\u1015\u103a\u1001\u1032\u1037\u1015\u103c\u102e\u1038 \u1015\u103c\u102d\u102f\u1004\u103a\u1000\u102c\u1038\u101c\u1031\u102c\u1000\u1010\u103d\u1004\u103a \u1011\u1004\u103a\u101b\u103e\u102c\u1038\u1000\u103b\u1031\u102c\u103a\u1000\u103c\u102c\u1038\u1001\u1032\u1037\u101e\u100a\u103a\u104b \u104e\u1004\u103a\u1038\u104f Open Two-seater \u1015\u103c\u102d\u102f\u1004\u103a\u1000\u102c\u1038\u1000\u102c\u1038\u1019\u103b\u102c\u1038\u1000\u103c\u1031\u102c\u1004\u1037\u103a \u101c\u1030\u101e\u102d\u1019\u103b\u102c\u1038\u101e\u100a\u103a\u104b MG \u101e\u1019\u102d\u102f\u1004\u103a\u1038 \u2013\u00a0https:\/\/mgmyanmar.com.mm\/mghistory\/ Market Expansion \u1021\u1004\u103a\u1039\u1002\u101c\u1014\u103a\u1019\u103e\u1005\u1010\u1004\u103a\u104d MG \u104f\u1019\u1031\u102c\u103a\u1010\u1031\u102c\u103a\u1000\u102c\u1038\u1005\u103b\u1031\u1038\u1000\u103d\u1000\u103a\u1000\u102d\u102f \u1025\u101b\u1031\u102c\u1015\u1014\u102d\u102f\u1004\u103a\u1004\u1036\u1019\u103b\u102c\u1038\u1010\u103d\u1004\u103a\u101e\u102c\u1019\u1000 \u1021\u102c\u101b\u103e\u1014\u102d\u102f\u1004\u103a\u1004\u1036\u1019\u103b\u102c\u1038\u1021\u1011\u102d\u1015\u102b \u1010\u102d\u102f\u1038\u1001\u103b\u1032\u1037\u1001\u1032\u1037\u101e\u100a\u103a\u104b MG \u101e\u100a\u103a \u1000\u1019\u1039\u1018\u102c\u1037\u1021\u1006\u1004\u1037\u103a\u1019\u102e\u1006\u102f\u1010\u1036\u1006\u102d\u1015\u103a\u1019\u103b\u102c\u1038\u1005\u103d\u102c\u1014\u103e\u1004\u1037\u103a \u1005\u1036\u1001\u103b\u102d\u1014\u103a\u1001\u103b\u102d\u102f\u1038\u101e\u100a\u1037\u103a \u101e\u1019\u102d\u102f\u1004\u103a\u1038\u1019\u103b\u102c\u1038\u1014\u103e\u1004\u1037\u103a\u1021\u1010\u1030 \u1000\u103b\u1031\u102c\u103a\u1000\u103c\u102c\u1038\u101e\u1031\u102c British Car Brand \u1016\u103c\u1005\u103a\u101c\u102c\u1015\u102b\u101e\u100a\u103a\u104b \u1010\u102d\u102f\u1038\u1010\u1000\u103a\u1014\u1031\u101e\u1031\u102c \u1001\u1031\u1010\u103a\u1014\u103e\u1004\u1037\u103a\u1021\u100a\u102e MG \u101e\u100a\u103a \u1021\u1006\u1004\u1037\u103a\u1019\u103c\u1004\u1037\u103a\u1014\u100a\u103a\u1038\u1015\u100a\u102c\u1019\u103b\u102c\u1038\u1014\u103e\u1004\u1037\u103a \u1015\u102d\u102f\u1019\u102d\u102f\u1010\u102d\u102f\u1038\u1010\u1000\u103a\u1021\u1031\u102c\u1004\u103a\u1006\u1031\u102c\u1004\u103a\u101b\u103d\u1000\u103a\u101c\u103b\u1000\u103a\u101b\u103e\u102d\u1015\u103c\u102e\u1038 Customer \u1019\u103b\u102c\u1038\u1021\u1010\u103d\u1000\u103a [&hellip;]<\/p>\n","protected":false},"author":1,"featured_media":0,"parent":0,"menu_order":0,"comment_status":"closed","ping_status":"closed","template":"","meta":{"_acf_changed":false,"advgb_blocks_editor_width":"","advgb_blocks_columns_visual_guide":"","footnotes":""},"class_list":["post-29","page","type-page","status-publish","hentry"],"acf":[],"coauthors":[],"author_meta":{"author_link":"https:\/\/mgmyanmar.com.mm\/mm\/author\/innovix\/","display_name":"inv"},"relative_dates":{"created":"Posted 4 \u00e9v ago","modified":"Updated 2 \u00e9v ago"},"absolute_dates":{"created":"Posted on okt\u00f3ber 26, 2021","modified":"Updated on m\u00e1rcius 29, 2024"},"absolute_dates_time":{"created":"Posted on okt\u00f3ber 26, 2021 5:15 de.","modified":"Updated on m\u00e1rcius 29, 2024 10:43 de."},"featured_img_caption":"","featured_img":false,"series_order":"","_links":{"self":[{"href":"https:\/\/mgmyanmar.com.mm\/mm\/wp-json\/wp\/v2\/pages\/29","targetHints":{"allow":["GET"]}}],"collection":[{"href":"https:\/\/mgmyanmar.com.mm\/mm\/wp-json\/wp\/v2\/pages"}],"about":[{"href":"https:\/\/mgmyanmar.com.mm\/mm\/wp-json\/wp\/v2\/types\/page"}],"author":[{"embeddable":true,"href":"https:\/\/mgmyanmar.com.mm\/mm\/wp-json\/wp\/v2\/users\/1"}],"replies":[{"embeddable":true,"href":"https:\/\/mgmyanmar.com.mm\/mm\/wp-json\/wp\/v2\/comments?post=29"}],"version-history":[{"count":18,"href":"https:\/\/mgmyanmar.com.mm\/mm\/wp-json\/wp\/v2\/pages\/29\/revisions"}],"predecessor-version":[{"id":2201,"href":"https:\/\/mgmyanmar.com.mm\/mm\/wp-json\/wp\/v2\/pages\/29\/revisions\/2201"}],"wp:attachment":[{"href":"https:\/\/mgmyanmar.com.mm\/mm\/wp-json\/wp\/v2\/media?parent=29"}],"curies":[{"name":"wp","href":"https:\/\/api.w.org\/{rel}","templated":true}]}}