{"id":77,"date":"2021-10-26T05:45:37","date_gmt":"2021-10-26T05:45:37","guid":{"rendered":"http:\/\/mgmyanmar.com.mm\/?page_id=77"},"modified":"2024-03-29T11:39:59","modified_gmt":"2024-03-29T11:39:59","slug":"ongoing-campaign","status":"publish","type":"page","link":"https:\/\/mgmyanmar.com.mm\/mm\/ongoing-campaign\/","title":{"rendered":"Ongoing Campaign"},"content":{"rendered":"\n<h3 class=\"wp-block-heading has-text-align-center\">MG Care Month<\/h3>\n\n\n\n<figure class=\"wp-block-image size-full\"><img loading=\"lazy\" decoding=\"async\" width=\"870\" height=\"420\" src=\"https:\/\/mgcar.innovixdigital.com\/wp-content\/uploads\/2024\/03\/MG-Care-Month.jpg\" alt=\"\" class=\"wp-image-925\" srcset=\"https:\/\/mgmyanmar.com.mm\/wp-content\/uploads\/2024\/03\/MG-Care-Month.jpg 870w, https:\/\/mgmyanmar.com.mm\/wp-content\/uploads\/2024\/03\/MG-Care-Month-300x145.jpg 300w, https:\/\/mgmyanmar.com.mm\/wp-content\/uploads\/2024\/03\/MG-Care-Month-768x371.jpg 768w\" sizes=\"auto, (max-width: 870px) 100vw, 870px\" \/><\/figure>\n\n\n\n<p>August \u101c \u1041\u101b\u1000\u103a\u1014\u1031\u1037\u1019\u103e \u1043\u1041 \u101b\u1000\u103a\u1014\u1031\u1037\u1021\u1011\u102d \u1010\u1005\u103a\u101c\u101c\u102f\u1036\u1038\u1015\u103c\u102f\u101c\u102f\u1015\u103a\u1015\u1031\u1038\u1011\u102c\u1038\u1019\u100a\u1037\u103a MG Care Month \u1010\u103d\u1004\u103a MG \u1000\u102c\u1038\u1019\u103b\u102c\u1038\u104f \u1000\u102c\u1038\u1000\u103c\u1036\u1037\u1001\u102d\u102f\u1004\u103a\u1019\u103e\u102f\u1014\u103e\u1004\u1037\u103a \u101c\u102f\u1036\u1001\u103c\u102f\u1036\u1005\u102d\u1010\u103a\u1001\u103b\u101b\u1019\u103e\u102f\u1010\u102d\u102f\u1037\u1021\u1010\u103d\u1000\u103a<\/p>\n\n\n\n<ul class=\"wp-block-list\">\n<li>Free Car Maintenance &#038; Inspection<\/li>\n\n\n\n<li>Free Interior Cleaning \u1010\u102d\u102f\u1037\u1000\u102d\u102f MG Showroom \u1014\u103e\u1004\u1037\u103a Service Center \u1019\u103b\u102c\u1038\u1010\u103d\u1004\u103a \u1021\u1001\u1019\u1032\u1037 \u1005\u1005\u103a\u1006\u1031\u1038\u101d\u1014\u103a\u1006\u1031\u102c\u1004\u103a\u1019\u103e\u102f\u1019\u103b\u102c\u1038 \u1015\u1031\u1038\u101e\u103d\u102c\u1038\u1019\u100a\u103a\u1016\u103c\u1005\u103a\u1015\u102b\u101e\u100a\u103a\u104b<\/li>\n<\/ul>\n\n\n\n<h3 class=\"wp-block-heading has-text-align-center\">MG Genuine Parts &#038; Accessories Flash Sale<\/h3>\n\n\n\n<figure class=\"wp-block-image size-full\"><img loading=\"lazy\" decoding=\"async\" width=\"870\" height=\"420\" src=\"https:\/\/mgcar.innovixdigital.com\/wp-content\/uploads\/2024\/03\/Parts-Accessories.jpg\" alt=\"\" class=\"wp-image-934\" srcset=\"https:\/\/mgmyanmar.com.mm\/wp-content\/uploads\/2024\/03\/Parts-Accessories.jpg 870w, https:\/\/mgmyanmar.com.mm\/wp-content\/uploads\/2024\/03\/Parts-Accessories-300x145.jpg 300w, https:\/\/mgmyanmar.com.mm\/wp-content\/uploads\/2024\/03\/Parts-Accessories-768x371.jpg 768w\" sizes=\"auto, (max-width: 870px) 100vw, 870px\" \/><\/figure>\n\n\n\n<p>\u101b\u1014\u103a\u1000\u102f\u1014\u103a\u1014\u103e\u1004\u1037\u103a \u1019\u1014\u1039\u1010\u101c\u1031\u1038 Showroom \u1019\u103b\u102c\u1038\u1010\u103d\u1004\u103a MG Genuine Accessories \u1019\u103b\u102c\u1038\u1000\u102d\u102f MG Care Month \u1016\u103c\u1005\u103a\u101e\u1031\u102c \u1029\u1002\u102f\u1010\u103a\u101c\u1010\u1005\u103a\u101c\u101c\u102f\u1036\u1038\u1010\u103d\u1004\u103a \u1041\u1040 \u101b\u102c\u1001\u102d\u102f\u1004\u103a\u1014\u103e\u102f\u1014\u103a\u1038\u1021\u1011\u102d \u1021\u101e\u1000\u103a\u101e\u102c\u1006\u102f\u1036\u1038\u1008\u1031\u1038\u1014\u103e\u102f\u1014\u103a\u1038\u1019\u103b\u102c\u1038\u1016\u103c\u1004\u1037\u103a \u101b\u1031\u102c\u1004\u103a\u1038\u1001\u103b\u1015\u1031\u1038\u101e\u103d\u102c\u1038\u1019\u100a\u1037\u103a Flash Sales \u1021\u1005\u102e\u1021\u1005\u1009\u103a\u104a \u1021\u101b\u1031\u102c\u1004\u103a\u1038\u1000\u1030\u1015\u103d\u1014\u103a\u1019\u103b\u102c\u1038\u1000\u102d\u102f \u101b\u101a\u1030\u1015\u103c\u102e\u1038 \u1005\u1000\u103a\u1010\u1004\u103a\u1018\u102c\u101c\u1000\u102f\u1014\u103a\u1021\u1011\u102d \u1021\u1010\u1014\u103a\u1006\u102f\u1036\u1038\u1008\u1031\u1038\u1014\u103e\u102f\u1014\u103a\u1038\u1019\u103b\u102c\u1038\u1016\u103c\u1004\u1037\u103a\u101c\u100a\u103a\u1038 Parts &#038; Accessories \u1019\u103b\u102c\u1038\u1000\u102d\u102f \u101d\u101a\u103a\u101a\u1030\u1014\u102d\u102f\u1004\u103a\u1019\u100a\u103a\u1016\u103c\u1005\u103a\u1015\u102b\u101e\u100a\u103a\u104b<\/p>\n\n\n\n<h3 class=\"wp-block-heading has-text-align-center\">Welcome Old MG Families!!!<\/h3>\n\n\n\n<figure class=\"wp-block-image size-full\"><img loading=\"lazy\" decoding=\"async\" width=\"870\" height=\"420\" src=\"https:\/\/mgcar.innovixdigital.com\/wp-content\/uploads\/2024\/03\/MG-3-Old-model-service.jpg\" alt=\"\" class=\"wp-image-937\" srcset=\"https:\/\/mgmyanmar.com.mm\/wp-content\/uploads\/2024\/03\/MG-3-Old-model-service.jpg 870w, https:\/\/mgmyanmar.com.mm\/wp-content\/uploads\/2024\/03\/MG-3-Old-model-service-300x145.jpg 300w, https:\/\/mgmyanmar.com.mm\/wp-content\/uploads\/2024\/03\/MG-3-Old-model-service-768x371.jpg 768w\" sizes=\"auto, (max-width: 870px) 100vw, 870px\" \/><\/figure>\n\n\n\n<p>MG \u104f \u1019\u1031\u102c\u103a\u1012\u101a\u103a\u1021\u101f\u1031\u102c\u1004\u103a\u1038\u1019\u103b\u102c\u1038\u1016\u103c\u1005\u103a\u101e\u1031\u102c\u00a0 MG3, MG5 &#038; MG6 (2016 and under models), MG350, MG750 and ROEWE750 \u1010\u102d\u102f\u1037\u1000\u102d\u102f \u1029\u1002\u102f\u1010\u103a\u101c\u1010\u1005\u103a\u101c\u101c\u102f\u1036\u1038 \u1000\u103b\u1004\u103a\u1038\u1015\u101c\u103b\u1000\u103a\u101b\u103e\u102d\u101e\u1031\u102c MG Care Month \u1010\u103d\u1004\u103a MG Care Team \u1019\u103e \u1018\u102d\u102f\u1000\u1004\u103a\u1005\u1014\u1005\u103a\u1016\u103c\u1004\u1037\u103a \u1000\u102c\u1038\u1014\u103e\u1004\u1037\u103a\u1015\u1010\u103a\u101e\u1000\u103a\u101e\u1031\u102c\u1005\u1005\u103a\u1006\u1031\u1038\u1019\u103e\u102f\u1019\u103b\u102c\u1038\u1014\u103e\u1004\u1037\u103a \u1021\u1004\u103a\u1002\u103b\u1004\u103a\u101d\u102d\u102f\u1004\u103a\u101c\u1032\u101c\u103e\u101a\u103a\u1001\u103c\u1004\u103a\u1038\u1019\u103b\u102c\u1038\u1000\u102d\u102f \u101c\u1000\u103a\u1001\u1021\u1001\u1019\u1032\u1037\u1016\u103c\u1004\u1037\u103a \u1005\u1005\u103a\u1006\u1031\u1038\u1015\u103c\u102f\u101c\u102f\u1015\u103a\u1015\u1031\u1038\u1019\u100a\u1037\u103a \u1021\u1005\u102e\u1021\u1005\u1009\u103a\u1016\u103c\u1005\u103a\u1015\u102b\u101e\u100a\u103a\u104b<\/p>\n\n\n\n<h3 class=\"wp-block-heading has-text-align-center\">Pre-Thingyan MG Aftersales Service Promotion<\/h3>\n\n\n\n<figure class=\"wp-block-image size-full\"><img loading=\"lazy\" decoding=\"async\" width=\"870\" height=\"420\" src=\"https:\/\/mgcar.innovixdigital.com\/wp-content\/uploads\/2024\/03\/Pre-thingyan-promotion.jpg\" alt=\"\" class=\"wp-image-938\" srcset=\"https:\/\/mgmyanmar.com.mm\/wp-content\/uploads\/2024\/03\/Pre-thingyan-promotion.jpg 870w, https:\/\/mgmyanmar.com.mm\/wp-content\/uploads\/2024\/03\/Pre-thingyan-promotion-300x145.jpg 300w, https:\/\/mgmyanmar.com.mm\/wp-content\/uploads\/2024\/03\/Pre-thingyan-promotion-768x371.jpg 768w\" sizes=\"auto, (max-width: 870px) 100vw, 870px\" \/><\/figure>\n\n\n\n<p>MG Aftersales Service MG CARE \u104f&nbsp;&nbsp;<\/p>\n\n\n\n<p>\u2013 Underbody Suspension Inspection<\/p>\n\n\n\n<p>\u2013 Engine Compartment Inspection<\/p>\n\n\n\n<p>\u2013 Vehicle Lighting (Interior \/ Exterior) Inspection<\/p>\n\n\n\n<p>\u2013 A\/C Operation Inspection<\/p>\n\n\n\n<p>\u2013 Vehicle Diagnostic System Check \u1005\u101e\u100a\u103a\u1010\u102d\u102f\u1037\u1015\u102b\u101d\u1004\u103a\u101e\u1031\u102c Pre-Thingyan Service Promotion \u1000\u102d\u102f \u1027\u1015\u103c\u102e\u101c (\u1045) \u101b\u1000\u103a\u1014\u1031\u1037\u1019\u103e \u1027\u1015\u103c\u102e\u101c (\u1048) \u101b\u1000\u103a\u1014\u1031\u1037\u1021\u1011\u102d \u1021\u1001\u1019\u1032\u1037 Free Check \u1015\u103c\u102f\u101c\u102f\u1015\u103a\u1015\u1031\u1038\u1019\u100a\u1037\u103a\u1021\u1005\u102e\u1021\u1005\u1009\u103a\u1014\u103e\u1004\u1037\u103a MG Genuine Parts \u1019\u103b\u102c\u1038\u1000\u102d\u102f 5% Discount \u1016\u103c\u1004\u1037\u103a \u101d\u101a\u103a\u101a\u1030\u101b\u101b\u103e\u102d\u1014\u102d\u102f\u1004\u103a\u1019\u100a\u1037\u103a \u1021\u1011\u1030\u1038\u1021\u1005\u102e\u1021\u1005\u1009\u103a\u1019\u103b\u102c\u1038 \u1015\u102b\u101d\u1004\u103a\u1015\u102b\u101e\u100a\u103a\u104b<\/p>\n\n\n\n<h3 class=\"wp-block-heading has-text-align-center\">Special Promotion for MG Aftersales Service<\/h3>\n\n\n\n<figure class=\"wp-block-image size-full\"><img loading=\"lazy\" decoding=\"async\" width=\"870\" height=\"420\" src=\"https:\/\/mgcar.innovixdigital.com\/wp-content\/uploads\/2024\/03\/brake-pad-promo-_-aftersales-2.jpg\" alt=\"\" class=\"wp-image-940\" srcset=\"https:\/\/mgmyanmar.com.mm\/wp-content\/uploads\/2024\/03\/brake-pad-promo-_-aftersales-2.jpg 870w, https:\/\/mgmyanmar.com.mm\/wp-content\/uploads\/2024\/03\/brake-pad-promo-_-aftersales-2-300x145.jpg 300w, https:\/\/mgmyanmar.com.mm\/wp-content\/uploads\/2024\/03\/brake-pad-promo-_-aftersales-2-768x371.jpg 768w\" sizes=\"auto, (max-width: 870px) 100vw, 870px\" \/><\/figure>\n\n\n\n<p>\u1000\u102c\u1038\u1001\u103b\u1005\u103a\u101e\u1030 MG Family \u101d\u1004\u103a\u1019\u103b\u102c\u1038\u1021\u1010\u103d\u1000\u103a MG Aftersales \u101d\u1004\u103a\u1006\u1031\u102c\u1004\u103a\u1019\u103e\u102f\u1019\u103b\u102c\u1038\u1011\u1032\u1019\u103e \u1000\u102c\u1038\u104f Safety Function \u1010\u103d\u1031\u1011\u1032\u1010\u103d\u1004\u103a \u1021\u1013\u102d\u1000 \u1021\u101b\u1031\u1038\u1021\u1000\u103c\u102e\u1038\u1006\u102f\u1036\u1038\u1016\u103c\u1005\u103a\u101e\u1031\u102c Break System \u1021\u1010\u103d\u1000\u103a \u1014\u103e\u1005\u103a\u101e\u1005\u103a\u1015\u1019\u102d\u102f\u1038\u101b\u103e\u1004\u103a\u1038\u1021\u1016\u103c\u1005\u103a Brake Pad \u101c\u1032\u101c\u103e\u101a\u103a\u1001\u103c\u1004\u103a\u1038 \u101d\u1014\u103a\u1006\u1031\u102c\u1004\u103a\u1019\u103e\u102f\u1021\u1010\u103d\u1000\u103a 10% Discount + Free Labor Charges \u1021\u1005\u102e\u1021\u1005\u1025\u103a\u1021\u102c\u1038 Jan 21 \u101b\u1000\u103a\u1014\u1031\u1037\u1019\u103e 31 Jan \u1021\u1011\u102d MG Aftersales and Service Center \u1019\u103b\u102c\u1038\u1010\u103d\u1004\u103a \u1015\u101b\u102d\u1019\u102d\u102f\u101b\u103e\u1004\u103a\u1038\u101c\u1031\u1038 \u1015\u103c\u102f\u101c\u102f\u1015\u103a\u1015\u1031\u1038\u1011\u102c\u1038\u1015\u102b\u101e\u100a\u103a\u104b<\/p>\n\n\n\n<h3 class=\"wp-block-heading has-text-align-center\">32 Points Free Inspection Campaign for MG Family<\/h3>\n\n\n\n<figure class=\"wp-block-image size-full\"><img loading=\"lazy\" decoding=\"async\" width=\"870\" height=\"420\" src=\"https:\/\/mgcar.innovixdigital.com\/wp-content\/uploads\/2024\/03\/32-Points-Promotion-3.jpg\" alt=\"\" class=\"wp-image-942\" srcset=\"https:\/\/mgmyanmar.com.mm\/wp-content\/uploads\/2024\/03\/32-Points-Promotion-3.jpg 870w, https:\/\/mgmyanmar.com.mm\/wp-content\/uploads\/2024\/03\/32-Points-Promotion-3-300x145.jpg 300w, https:\/\/mgmyanmar.com.mm\/wp-content\/uploads\/2024\/03\/32-Points-Promotion-3-768x371.jpg 768w\" sizes=\"auto, (max-width: 870px) 100vw, 870px\" \/><\/figure>\n\n\n\n<p>MG \u1000\u102c\u1038\u1019\u103b\u102c\u1038\u104f \u1000\u103c\u1036\u1037\u1001\u102d\u102f\u1004\u103a\u1019\u103e\u102f\u1014\u1032\u1037 \u101c\u102f\u1036\u1001\u103c\u102f\u1036\u1019\u103e\u102f\u1010\u102d\u102f\u1037\u1021\u1010\u103d\u1000\u103a \u1014\u103e\u1005\u103a\u101e\u1005\u103a\u1000\u1030\u1038\u1021\u1011\u1030\u1038 \u1015\u101b\u102d\u102f\u1019\u102d\u102f\u1038\u101b\u103e\u1004\u103a\u1038\u1021\u1014\u1031\u1016\u103c\u1004\u1037\u103a \u1021\u1031\u102c\u1000\u103a\u1015\u102b 32 Points Free Inspection \u101d\u1014\u103a\u1006\u1031\u102c\u1004\u103a\u1019\u103e\u102f\u1019\u103b\u102c\u1038\u1000\u102d\u102f \u101b\u1014\u103a\u1000\u102f\u1014\u103a\u1014\u103e\u1004\u1037\u103a\u1019\u1014\u1039\u1010\u101c\u1031\u1038 Official Showroom \u1019\u103b\u102c\u1038\u1010\u103d\u1004\u103a \u1007\u1014\u103a\u1014\u101d\u102b\u101b\u102e\u101c \u1047 \u101b\u1000\u103a\u1014\u1031\u1037\u1019\u103e \u1043\u1041 \u101b\u1000\u103a\u1014\u1031\u1037\u1021\u1011\u102d \u101d\u1014\u103a\u1006\u1031\u102c\u1004\u103a\u1019\u103e\u102f\u1015\u1031\u1038\u101c\u103b\u1000\u103a\u101b\u103e\u102d\u1015\u102b\u101e\u100a\u103a\u104b<br>\u2705 Engine Compartment Check<br>\u2705 Chassis \/ Suspension Check<br>\u2705 Lighting \/ Electrical Check<br>\u2705 Exterior\/Interior Check<br>\u2705 Underbody \/ Tire Check<br>\u2705 Car Maintenance &#038; Inspection<br>\u2705 Suspension Nuts Tightening<br>\u2705 Free Car Washing<\/p>\n\n\n\n<h3 class=\"wp-block-heading has-text-align-center\">Car Service Today, Better Performance Tomorrow!<\/h3>\n\n\n\n<figure class=\"wp-block-image size-large\"><img loading=\"lazy\" decoding=\"async\" width=\"1024\" height=\"705\" src=\"https:\/\/mgcar.innovixdigital.com\/wp-content\/uploads\/2024\/03\/Ongoing-Service-Campaign-Design-1024x705.jpg\" alt=\"\" class=\"wp-image-943\" srcset=\"https:\/\/mgmyanmar.com.mm\/wp-content\/uploads\/2024\/03\/Ongoing-Service-Campaign-Design-1024x705.jpg 1024w, https:\/\/mgmyanmar.com.mm\/wp-content\/uploads\/2024\/03\/Ongoing-Service-Campaign-Design-300x207.jpg 300w, https:\/\/mgmyanmar.com.mm\/wp-content\/uploads\/2024\/03\/Ongoing-Service-Campaign-Design-768x529.jpg 768w, https:\/\/mgmyanmar.com.mm\/wp-content\/uploads\/2024\/03\/Ongoing-Service-Campaign-Design-1536x1058.jpg 1536w, https:\/\/mgmyanmar.com.mm\/wp-content\/uploads\/2024\/03\/Ongoing-Service-Campaign-Design.jpg 1600w\" sizes=\"auto, (max-width: 1024px) 100vw, 1024px\" \/><\/figure>\n\n\n\n<p>MG \u1000\u102c\u1038\u1019\u103b\u102c\u1038\u1000\u102d\u102f \u1021\u1019\u103c\u1032\u1015\u102f\u1036\u1019\u103e\u1014\u103a \u1002\u101b\u102f\u1010\u1005\u102d\u102f\u1000\u103a\u1005\u1005\u103a\u1006\u1031\u1038\u101c\u1031\u1037\u101b\u103e\u102d\u1015\u103c\u102e\u1038 MG \u104f Aftersales MG Care \u101d\u1014\u103a\u1006\u1031\u102c\u1004\u103a\u1019\u103e\u102f\u1021\u102c\u1038 \u101a\u102f\u1036\u1000\u103c\u100a\u103a\u1005\u102d\u1010\u103a\u1001\u103b\u1005\u103d\u102c \u1021\u101e\u102f\u1036\u1038\u1015\u103c\u102f\u1001\u1032\u1037\u1000\u103c\u101e\u1031\u102c MG Family \u1019\u103b\u102c\u1038\u1021\u102c\u1038 \u1000\u103b\u1031\u1038\u1007\u1030\u1038\u1010\u102f\u1036\u1037\u1015\u103c\u1014\u103a\u101e\u1031\u102c\u1021\u102c\u1038\u1016\u103c\u1004\u1037\u103a MG Unique Umbrella \u1019\u103b\u102c\u1038\u1014\u103e\u1004\u1037\u103a MG Care Service Discount \u1019\u103b\u102c\u1038\u1000\u102d\u102f \u1015\u103c\u1014\u103a\u101c\u100a\u103a\u1015\u1031\u1038\u1021\u1015\u103a\u1001\u1032\u1037\u101e\u100a\u1037\u103a \u1019\u102d\u102f\u1038\u101b\u102c\u101e\u102e\u1021\u1011\u1030\u1038\u1021\u1005\u102e\u1021\u1005\u1009\u103a\u104b<\/p>\n","protected":false},"excerpt":{"rendered":"<p>MG Care Month August \u101c \u1041\u101b\u1000\u103a\u1014\u1031\u1037\u1019\u103e \u1043\u1041 \u101b\u1000\u103a\u1014\u1031\u1037\u1021\u1011\u102d \u1010\u1005\u103a\u101c\u101c\u102f\u1036\u1038\u1015\u103c\u102f\u101c\u102f\u1015\u103a\u1015\u1031\u1038\u1011\u102c\u1038\u1019\u100a\u1037\u103a MG Care Month \u1010\u103d\u1004\u103a MG \u1000\u102c\u1038\u1019\u103b\u102c\u1038\u104f \u1000\u102c\u1038\u1000\u103c\u1036\u1037\u1001\u102d\u102f\u1004\u103a\u1019\u103e\u102f\u1014\u103e\u1004\u1037\u103a \u101c\u102f\u1036\u1001\u103c\u102f\u1036\u1005\u102d\u1010\u103a\u1001\u103b\u101b\u1019\u103e\u102f\u1010\u102d\u102f\u1037\u1021\u1010\u103d\u1000\u103a MG Genuine Parts &#038; Accessories Flash Sale \u101b\u1014\u103a\u1000\u102f\u1014\u103a\u1014\u103e\u1004\u1037\u103a \u1019\u1014\u1039\u1010\u101c\u1031\u1038 Showroom \u1019\u103b\u102c\u1038\u1010\u103d\u1004\u103a MG Genuine Accessories \u1019\u103b\u102c\u1038\u1000\u102d\u102f MG Care Month \u1016\u103c\u1005\u103a\u101e\u1031\u102c \u1029\u1002\u102f\u1010\u103a\u101c\u1010\u1005\u103a\u101c\u101c\u102f\u1036\u1038\u1010\u103d\u1004\u103a \u1041\u1040 \u101b\u102c\u1001\u102d\u102f\u1004\u103a\u1014\u103e\u102f\u1014\u103a\u1038\u1021\u1011\u102d \u1021\u101e\u1000\u103a\u101e\u102c\u1006\u102f\u1036\u1038\u1008\u1031\u1038\u1014\u103e\u102f\u1014\u103a\u1038\u1019\u103b\u102c\u1038\u1016\u103c\u1004\u1037\u103a \u101b\u1031\u102c\u1004\u103a\u1038\u1001\u103b\u1015\u1031\u1038\u101e\u103d\u102c\u1038\u1019\u100a\u1037\u103a Flash Sales \u1021\u1005\u102e\u1021\u1005\u1009\u103a\u104a \u1021\u101b\u1031\u102c\u1004\u103a\u1038\u1000\u1030\u1015\u103d\u1014\u103a\u1019\u103b\u102c\u1038\u1000\u102d\u102f \u101b\u101a\u1030\u1015\u103c\u102e\u1038 \u1005\u1000\u103a\u1010\u1004\u103a\u1018\u102c\u101c\u1000\u102f\u1014\u103a\u1021\u1011\u102d \u1021\u1010\u1014\u103a\u1006\u102f\u1036\u1038\u1008\u1031\u1038\u1014\u103e\u102f\u1014\u103a\u1038\u1019\u103b\u102c\u1038\u1016\u103c\u1004\u1037\u103a\u101c\u100a\u103a\u1038 Parts &#038; Accessories \u1019\u103b\u102c\u1038\u1000\u102d\u102f \u101d\u101a\u103a\u101a\u1030\u1014\u102d\u102f\u1004\u103a\u1019\u100a\u103a\u1016\u103c\u1005\u103a\u1015\u102b\u101e\u100a\u103a\u104b Welcome Old [&hellip;]<\/p>\n","protected":false},"author":1,"featured_media":0,"parent":0,"menu_order":0,"comment_status":"closed","ping_status":"closed","template":"","meta":{"_acf_changed":false,"advgb_blocks_editor_width":"","advgb_blocks_columns_visual_guide":"","footnotes":""},"class_list":["post-77","page","type-page","status-publish","hentry"],"acf":[],"coauthors":[],"author_meta":{"author_link":"https:\/\/mgmyanmar.com.mm\/mm\/author\/innovix\/","display_name":"inv"},"relative_dates":{"created":"Posted 4 \u00e9v ago","modified":"Updated 2 \u00e9v ago"},"absolute_dates":{"created":"Posted on okt\u00f3ber 26, 2021","modified":"Updated on m\u00e1rcius 29, 2024"},"absolute_dates_time":{"created":"Posted on okt\u00f3ber 26, 2021 5:45 de.","modified":"Updated on m\u00e1rcius 29, 2024 11:39 de."},"featured_img_caption":"","featured_img":false,"series_order":"","_links":{"self":[{"href":"https:\/\/mgmyanmar.com.mm\/mm\/wp-json\/wp\/v2\/pages\/77","targetHints":{"allow":["GET"]}}],"collection":[{"href":"https:\/\/mgmyanmar.com.mm\/mm\/wp-json\/wp\/v2\/pages"}],"about":[{"href":"https:\/\/mgmyanmar.com.mm\/mm\/wp-json\/wp\/v2\/types\/page"}],"author":[{"embeddable":true,"href":"https:\/\/mgmyanmar.com.mm\/mm\/wp-json\/wp\/v2\/users\/1"}],"replies":[{"embeddable":true,"href":"https:\/\/mgmyanmar.com.mm\/mm\/wp-json\/wp\/v2\/comments?post=77"}],"version-history":[{"count":19,"href":"https:\/\/mgmyanmar.com.mm\/mm\/wp-json\/wp\/v2\/pages\/77\/revisions"}],"predecessor-version":[{"id":2224,"href":"https:\/\/mgmyanmar.com.mm\/mm\/wp-json\/wp\/v2\/pages\/77\/revisions\/2224"}],"wp:attachment":[{"href":"https:\/\/mgmyanmar.com.mm\/mm\/wp-json\/wp\/v2\/media?parent=77"}],"curies":[{"name":"wp","href":"https:\/\/api.w.org\/{rel}","templated":true}]}}