{"id":83,"date":"2021-10-26T05:57:51","date_gmt":"2021-10-26T05:57:51","guid":{"rendered":"http:\/\/mgmyanmar.com.mm\/?page_id=83"},"modified":"2024-03-16T15:45:23","modified_gmt":"2024-03-16T15:45:23","slug":"road-side-assistance","status":"publish","type":"page","link":"https:\/\/mgmyanmar.com.mm\/mm\/road-side-assistance\/","title":{"rendered":"Road Side Assistance"},"content":{"rendered":"","protected":false},"excerpt":{"rendered":"","protected":false},"author":1,"featured_media":0,"parent":0,"menu_order":0,"comment_status":"closed","ping_status":"closed","template":"","meta":{"_acf_changed":false,"advgb_blocks_editor_width":"","advgb_blocks_columns_visual_guide":"","footnotes":""},"class_list":["post-83","page","type-page","status-publish","hentry"],"acf":{"photo_gallery":{"icons":[[{"id":835,"title":"[:mm]breakdownoil[:]","caption":"","full_image_url":"https:\/\/mgmyanmar.com.mm\/wp-content\/uploads\/2024\/03\/breakdownoil.png","thumbnail_image_url":"https:\/\/mgmyanmar.com.mm\/wp-content\/uploads\/2024\/03\/breakdownoil.png","large_srcset":false,"medium_srcset":false,"media_details":{"width":100,"height":100,"sizes":[]},"alt_text":"","url":"","target":""},{"id":836,"title":"[:mm]breakdownkey[:]","caption":"","full_image_url":"https:\/\/mgmyanmar.com.mm\/wp-content\/uploads\/2024\/03\/breakdownkey.png","thumbnail_image_url":"https:\/\/mgmyanmar.com.mm\/wp-content\/uploads\/2024\/03\/breakdownkey.png","large_srcset":false,"medium_srcset":false,"media_details":{"width":100,"height":100,"sizes":[]},"alt_text":"","url":"","target":""},{"id":837,"title":"[:mm]breakdownengin[:]","caption":"","full_image_url":"https:\/\/mgmyanmar.com.mm\/wp-content\/uploads\/2024\/03\/breakdownengin.png","thumbnail_image_url":"https:\/\/mgmyanmar.com.mm\/wp-content\/uploads\/2024\/03\/breakdownengin.png","large_srcset":false,"medium_srcset":false,"media_details":{"width":100,"height":100,"sizes":[]},"alt_text":"","url":"","target":""},{"id":838,"title":"[:mm]breakdowncar[:]","caption":"","full_image_url":"https:\/\/mgmyanmar.com.mm\/wp-content\/uploads\/2024\/03\/breakdowncar.png","thumbnail_image_url":"https:\/\/mgmyanmar.com.mm\/wp-content\/uploads\/2024\/03\/breakdowncar.png","large_srcset":false,"medium_srcset":false,"media_details":{"width":100,"height":100,"sizes":[]},"alt_text":"","url":"","target":""}]]}},"coauthors":[],"author_meta":{"author_link":"https:\/\/mgmyanmar.com.mm\/mm\/author\/innovix\/","display_name":"inv"},"relative_dates":{"created":"Posted 4 \u00e9v ago","modified":"Updated 2 \u00e9v ago"},"absolute_dates":{"created":"Posted on okt\u00f3ber 26, 2021","modified":"Updated on m\u00e1rcius 16, 2024"},"absolute_dates_time":{"created":"Posted on okt\u00f3ber 26, 2021 5:57 de.","modified":"Updated on m\u00e1rcius 16, 2024 3:45 du."},"featured_img_caption":"","featured_img":false,"series_order":"","_links":{"self":[{"href":"https:\/\/mgmyanmar.com.mm\/mm\/wp-json\/wp\/v2\/pages\/83","targetHints":{"allow":["GET"]}}],"collection":[{"href":"https:\/\/mgmyanmar.com.mm\/mm\/wp-json\/wp\/v2\/pages"}],"about":[{"href":"https:\/\/mgmyanmar.com.mm\/mm\/wp-json\/wp\/v2\/types\/page"}],"author":[{"embeddable":true,"href":"https:\/\/mgmyanmar.com.mm\/mm\/wp-json\/wp\/v2\/users\/1"}],"replies":[{"embeddable":true,"href":"https:\/\/mgmyanmar.com.mm\/mm\/wp-json\/wp\/v2\/comments?post=83"}],"version-history":[{"count":5,"href":"https:\/\/mgmyanmar.com.mm\/mm\/wp-json\/wp\/v2\/pages\/83\/revisions"}],"predecessor-version":[{"id":840,"href":"https:\/\/mgmyanmar.com.mm\/mm\/wp-json\/wp\/v2\/pages\/83\/revisions\/840"}],"wp:attachment":[{"href":"https:\/\/mgmyanmar.com.mm\/mm\/wp-json\/wp\/v2\/media?parent=83"}],"curies":[{"name":"wp","href":"https:\/\/api.w.org\/{rel}","templated":true}]}}